{"id":1104,"date":"2014-12-30T11:43:00","date_gmt":"2014-12-30T11:43:00","guid":{"rendered":"http:\/\/diamond-shield-zapper.com\/?page_id=1104"},"modified":"2022-10-24T13:26:04","modified_gmt":"2022-10-24T13:26:04","slug":"was-ist-impuls-entladung-und-wofuer-benoetige-ich-das","status":"publish","type":"page","link":"http:\/\/diamond-shield-zapper.com\/en\/was-ist-impuls-entladung-und-wofuer-benoetige-ich-das\/","title":{"rendered":"Was ist Impuls-Entladung und wof\u00fcr ben\u00f6tige ich das?"},"content":{"rendered":"<div id=\"cs-content\" class=\"cs-content\"><\/div>\n","protected":false},"excerpt":{"rendered":"<p>For a balanced health two elements are required: An impenetrable diamond shield and a regularly conducted discharge. What is the connection between these two principles? On our body surface there is a finely woven net of meridians, which transports the life energy Qi. Each of these meridians is an energetic representative and functional circuit of an organ and transports and &#8230;<\/p>\n","protected":false},"author":2,"featured_media":0,"parent":0,"menu_order":0,"comment_status":"closed","ping_status":"closed","template":"","meta":{"_mi_skip_tracking":false,"footnotes":""},"class_list":["post-1104","page","type-page","status-publish","hentry","no-post-thumbnail"],"yoast_head":"<!-- This site is optimized with the Yoast SEO plugin v24.9 - https:\/\/yoast.com\/wordpress\/plugins\/seo\/ -->\n<title>Was ist Impuls-Entladung und wof\u00fcr ben\u00f6tige ich das? - Diamond Shield Zapper<\/title>\n<meta name=\"description\" content=\"Um das Wohlbefinden zu gew\u00e4hrleisten brauchen wir zwei Dinge: ein diamantes Schutzschild und regelm\u00e4\u00dfige Entladung von negativen Energien.\" \/>\n<meta name=\"robots\" content=\"noindex, follow, max-snippet:-1, max-image-preview:large, max-video-preview:-1\" \/>\n<meta property=\"og:locale\" content=\"en_US\" \/>\n<meta property=\"og:type\" content=\"article\" \/>\n<meta property=\"og:title\" content=\"Was ist Impuls-Entladung und wof\u00fcr ben\u00f6tige ich das? - Diamond Shield Zapper\" \/>\n<meta property=\"og:description\" content=\"Um das Wohlbefinden zu gew\u00e4hrleisten brauchen wir zwei Dinge: ein diamantes Schutzschild und regelm\u00e4\u00dfige Entladung von negativen Energien.\" \/>\n<meta property=\"og:url\" content=\"http:\/\/diamond-shield-zapper.com\/en\/was-ist-impuls-entladung-und-wofuer-benoetige-ich-das\/\" \/>\n<meta property=\"og:site_name\" content=\"Diamond Shield Zapper\" \/>\n<meta property=\"article:publisher\" content=\"https:\/\/www.facebook.com\/heilpraktiker.baklayan\/\" \/>\n<meta property=\"article:modified_time\" content=\"2022-10-24T13:26:04+00:00\" \/>\n<meta property=\"og:image\" content=\"http:\/\/diamond-shield-zapper.com\/wp-content\/uploads\/2015\/10\/slider-crystal-2-1000x.jpg\" \/>\n<meta name=\"twitter:label1\" content=\"Est. reading time\" \/>\n\t<meta name=\"twitter:data1\" content=\"1 minute\" \/>\n<script type=\"application\/ld+json\" class=\"yoast-schema-graph\">{\"@context\":\"https:\/\/schema.org\",\"@graph\":[{\"@type\":\"WebPage\",\"@id\":\"http:\/\/diamond-shield-zapper.com\/en\/was-ist-impuls-entladung-und-wofuer-benoetige-ich-das\/\",\"url\":\"http:\/\/diamond-shield-zapper.com\/en\/was-ist-impuls-entladung-und-wofuer-benoetige-ich-das\/\",\"name\":\"Was ist Impuls-Entladung und wof\u00fcr ben\u00f6tige ich das? - Diamond Shield Zapper\",\"isPartOf\":{\"@id\":\"http:\/\/diamond-shield-zapper.com\/#website\"},\"datePublished\":\"2014-12-30T11:43:00+00:00\",\"dateModified\":\"2022-10-24T13:26:04+00:00\",\"description\":\"Um das Wohlbefinden zu gew\u00e4hrleisten brauchen wir zwei Dinge: ein diamantes Schutzschild und regelm\u00e4\u00dfige Entladung von negativen Energien.\",\"breadcrumb\":{\"@id\":\"http:\/\/diamond-shield-zapper.com\/en\/was-ist-impuls-entladung-und-wofuer-benoetige-ich-das\/#breadcrumb\"},\"inLanguage\":\"en-US\",\"potentialAction\":[{\"@type\":\"ReadAction\",\"target\":[\"http:\/\/diamond-shield-zapper.com\/en\/was-ist-impuls-entladung-und-wofuer-benoetige-ich-das\/\"]}]},{\"@type\":\"BreadcrumbList\",\"@id\":\"http:\/\/diamond-shield-zapper.com\/en\/was-ist-impuls-entladung-und-wofuer-benoetige-ich-das\/#breadcrumb\",\"itemListElement\":[{\"@type\":\"ListItem\",\"position\":1,\"name\":\"Home\",\"item\":\"http:\/\/diamond-shield-zapper.com\/en\/\"},{\"@type\":\"ListItem\",\"position\":2,\"name\":\"Was ist Impuls-Entladung und wof\u00fcr ben\u00f6tige ich das?\"}]},{\"@type\":\"WebSite\",\"@id\":\"http:\/\/diamond-shield-zapper.com\/#website\",\"url\":\"http:\/\/diamond-shield-zapper.com\/\",\"name\":\"Diamond Shield Zapper\",\"description\":\"einfach nur Zappen war gestern\",\"potentialAction\":[{\"@type\":\"SearchAction\",\"target\":{\"@type\":\"EntryPoint\",\"urlTemplate\":\"http:\/\/diamond-shield-zapper.com\/?s={search_term_string}\"},\"query-input\":{\"@type\":\"PropertyValueSpecification\",\"valueRequired\":true,\"valueName\":\"search_term_string\"}}],\"inLanguage\":\"en-US\"}]}<\/script>\n<!-- \/ Yoast SEO plugin. -->","yoast_head_json":{"title":"Was ist Impuls-Entladung und wof\u00fcr ben\u00f6tige ich das? - Diamond Shield Zapper","description":"Um das Wohlbefinden zu gew\u00e4hrleisten brauchen wir zwei Dinge: ein diamantes Schutzschild und regelm\u00e4\u00dfige Entladung von negativen Energien.","robots":{"index":"noindex","follow":"follow","max-snippet":"max-snippet:-1","max-image-preview":"max-image-preview:large","max-video-preview":"max-video-preview:-1"},"og_locale":"en_US","og_type":"article","og_title":"Was ist Impuls-Entladung und wof\u00fcr ben\u00f6tige ich das? - Diamond Shield Zapper","og_description":"Um das Wohlbefinden zu gew\u00e4hrleisten brauchen wir zwei Dinge: ein diamantes Schutzschild und regelm\u00e4\u00dfige Entladung von negativen Energien.","og_url":"http:\/\/diamond-shield-zapper.com\/en\/was-ist-impuls-entladung-und-wofuer-benoetige-ich-das\/","og_site_name":"Diamond Shield Zapper","article_publisher":"https:\/\/www.facebook.com\/heilpraktiker.baklayan\/","article_modified_time":"2022-10-24T13:26:04+00:00","og_image":[{"url":"http:\/\/diamond-shield-zapper.com\/wp-content\/uploads\/2015\/10\/slider-crystal-2-1000x.jpg","type":"","width":"","height":""}],"twitter_misc":{"Est. reading time":"1 minute"},"schema":{"@context":"https:\/\/schema.org","@graph":[{"@type":"WebPage","@id":"http:\/\/diamond-shield-zapper.com\/en\/was-ist-impuls-entladung-und-wofuer-benoetige-ich-das\/","url":"http:\/\/diamond-shield-zapper.com\/en\/was-ist-impuls-entladung-und-wofuer-benoetige-ich-das\/","name":"Was ist Impuls-Entladung und wof\u00fcr ben\u00f6tige ich das? - Diamond Shield Zapper","isPartOf":{"@id":"http:\/\/diamond-shield-zapper.com\/#website"},"datePublished":"2014-12-30T11:43:00+00:00","dateModified":"2022-10-24T13:26:04+00:00","description":"Um das Wohlbefinden zu gew\u00e4hrleisten brauchen wir zwei Dinge: ein diamantes Schutzschild und regelm\u00e4\u00dfige Entladung von negativen Energien.","breadcrumb":{"@id":"http:\/\/diamond-shield-zapper.com\/en\/was-ist-impuls-entladung-und-wofuer-benoetige-ich-das\/#breadcrumb"},"inLanguage":"en-US","potentialAction":[{"@type":"ReadAction","target":["http:\/\/diamond-shield-zapper.com\/en\/was-ist-impuls-entladung-und-wofuer-benoetige-ich-das\/"]}]},{"@type":"BreadcrumbList","@id":"http:\/\/diamond-shield-zapper.com\/en\/was-ist-impuls-entladung-und-wofuer-benoetige-ich-das\/#breadcrumb","itemListElement":[{"@type":"ListItem","position":1,"name":"Home","item":"http:\/\/diamond-shield-zapper.com\/en\/"},{"@type":"ListItem","position":2,"name":"Was ist Impuls-Entladung und wof\u00fcr ben\u00f6tige ich das?"}]},{"@type":"WebSite","@id":"http:\/\/diamond-shield-zapper.com\/#website","url":"http:\/\/diamond-shield-zapper.com\/","name":"Diamond Shield Zapper","description":"einfach nur Zappen war gestern","potentialAction":[{"@type":"SearchAction","target":{"@type":"EntryPoint","urlTemplate":"http:\/\/diamond-shield-zapper.com\/?s={search_term_string}"},"query-input":{"@type":"PropertyValueSpecification","valueRequired":true,"valueName":"search_term_string"}}],"inLanguage":"en-US"}]}},"_links":{"self":[{"href":"http:\/\/diamond-shield-zapper.com\/en\/wp-json\/wp\/v2\/pages\/1104","targetHints":{"allow":["GET"]}}],"collection":[{"href":"http:\/\/diamond-shield-zapper.com\/en\/wp-json\/wp\/v2\/pages"}],"about":[{"href":"http:\/\/diamond-shield-zapper.com\/en\/wp-json\/wp\/v2\/types\/page"}],"author":[{"embeddable":true,"href":"http:\/\/diamond-shield-zapper.com\/en\/wp-json\/wp\/v2\/users\/2"}],"replies":[{"embeddable":true,"href":"http:\/\/diamond-shield-zapper.com\/en\/wp-json\/wp\/v2\/comments?post=1104"}],"version-history":[{"count":1,"href":"http:\/\/diamond-shield-zapper.com\/en\/wp-json\/wp\/v2\/pages\/1104\/revisions"}],"predecessor-version":[{"id":6209,"href":"http:\/\/diamond-shield-zapper.com\/en\/wp-json\/wp\/v2\/pages\/1104\/revisions\/6209"}],"wp:attachment":[{"href":"http:\/\/diamond-shield-zapper.com\/en\/wp-json\/wp\/v2\/media?parent=1104"}],"curies":[{"name":"wp","href":"https:\/\/api.w.org\/{rel}","templated":true}]}}