{"id":1115,"date":"2014-12-30T12:13:01","date_gmt":"2014-12-30T12:13:01","guid":{"rendered":"http:\/\/diamond-shield-zapper.com\/?page_id=1115"},"modified":"2022-10-24T13:26:04","modified_gmt":"2022-10-24T13:26:04","slug":"was-ist-plate-zapping","status":"publish","type":"page","link":"http:\/\/diamond-shield-zapper.com\/en\/was-ist-plate-zapping\/","title":{"rendered":"Was ist Plate-Zapping?"},"content":{"rendered":"<div class=\"fusion-title title fusion-title-size-one\"><h1 class=\"title-heading-left\">Plate-Zapping nach Dr. Clark<\/h1><div class=\"title-sep-container\"><div class=\"title-sep sep-single\"><\/div><\/div><\/div><p align=\"justify\"><img loading=\"lazy\" decoding=\"async\" class=\" size-full wp-image-916 alignleft\" src=\"http:\/\/diamond-shield-zapper.com\/wp-content\/uploads\/2015\/01\/ie-plate-ensemble-klein.jpg\" alt=\"ie-plate-ensemble-klein\" width=\"300\" height=\"217\" \/><ul class=\"fusion-checklist fusion-checklist-1\" style=\"font-size:13px;line-height:22.1px;\">\n<li class=\"fusion-li-item\"><span style=\"background-color:#81d742;font-size:11.44px;height:22.1px;width:22.1px;margin-right:9.1px;\" class=\"icon-wrapper circle-yes\"><i class=\"fusion-li-icon fa fa-star-o\" style=\"color:#ffffff;\"><\/i><\/span><div class=\"fusion-li-item-content\" style=\"margin-left:31.2px;\">Im Gegensatz zum &#8220;normalen&#8221; Zappen \u2014 bei welchem man sich an zwei Handelektroden oder Armbandmanschetten anschlie\u00dft und der Strom mit dem eingestellten Frequenzprogramm durch den K\u00f6rper flie\u00dft \u2014 wird beim &#8220;Plate Zapping&#8221; in die zuf\u00fchrende Strombahn eine<strong> Metallplatte<\/strong> zwischengeschaltet, auf die entsprechende Ampullen und Tropfen als Tr\u00e4ger von Filter-Informationen gelegt werden k\u00f6nnen.<\/div><\/li>\n<\/ul><\/p>\n<div class=\"share-box fusion-sharing-box\"><h4 class=\"tagline\">Artikel teilen:<\/h4><div class=\"fusion-social-networks\"><a class=\"fusion-social-network-icon fusion-tooltip fusion- fusion-icon-\" target=\"_self\" data-toggle=\"tooltip\"><\/a><\/div><\/div>\n","protected":false},"excerpt":{"rendered":"","protected":false},"author":2,"featured_media":0,"parent":0,"menu_order":0,"comment_status":"closed","ping_status":"closed","template":"","meta":{"_mi_skip_tracking":false,"footnotes":""},"class_list":["post-1115","page","type-page","status-publish","hentry","no-post-thumbnail"],"yoast_head":"<!-- This site is optimized with the Yoast SEO plugin v24.9 - https:\/\/yoast.com\/wordpress\/plugins\/seo\/ -->\n<title>Was ist Plate-Zapping? - Diamond Shield Zapper<\/title>\n<meta name=\"description\" content=\"Beim Plate-Zapping wird zus\u00e4tzlich noch eine Metallplatte zwischengeschaltet, auf die ausgew\u00e4hlte Ampullen - gegen Asthma oder Anti-Rauchen - gelegt werden.\" \/>\n<meta name=\"robots\" content=\"noindex, follow, max-snippet:-1, max-image-preview:large, max-video-preview:-1\" \/>\n<meta property=\"og:locale\" content=\"en_US\" \/>\n<meta property=\"og:type\" content=\"article\" \/>\n<meta property=\"og:title\" content=\"Was ist Plate-Zapping? - Diamond Shield Zapper\" \/>\n<meta property=\"og:description\" content=\"Beim Plate-Zapping wird zus\u00e4tzlich noch eine Metallplatte zwischengeschaltet, auf die ausgew\u00e4hlte Ampullen - gegen Asthma oder Anti-Rauchen - gelegt werden.\" \/>\n<meta property=\"og:url\" content=\"http:\/\/diamond-shield-zapper.com\/en\/was-ist-plate-zapping\/\" \/>\n<meta property=\"og:site_name\" content=\"Diamond Shield Zapper\" \/>\n<meta property=\"article:publisher\" content=\"https:\/\/www.facebook.com\/heilpraktiker.baklayan\/\" \/>\n<meta property=\"article:modified_time\" content=\"2022-10-24T13:26:04+00:00\" \/>\n<meta property=\"og:image\" content=\"http:\/\/diamond-shield-zapper.com\/wp-content\/uploads\/2015\/01\/ie-plate-ensemble-klein.jpg\" \/>\n<meta name=\"twitter:label1\" content=\"Est. reading time\" \/>\n\t<meta name=\"twitter:data1\" content=\"1 minute\" \/>\n<script type=\"application\/ld+json\" class=\"yoast-schema-graph\">{\"@context\":\"https:\/\/schema.org\",\"@graph\":[{\"@type\":\"WebPage\",\"@id\":\"http:\/\/diamond-shield-zapper.com\/en\/was-ist-plate-zapping\/\",\"url\":\"http:\/\/diamond-shield-zapper.com\/en\/was-ist-plate-zapping\/\",\"name\":\"Was ist Plate-Zapping? - Diamond Shield Zapper\",\"isPartOf\":{\"@id\":\"http:\/\/diamond-shield-zapper.com\/#website\"},\"primaryImageOfPage\":{\"@id\":\"http:\/\/diamond-shield-zapper.com\/en\/was-ist-plate-zapping\/#primaryimage\"},\"image\":{\"@id\":\"http:\/\/diamond-shield-zapper.com\/en\/was-ist-plate-zapping\/#primaryimage\"},\"thumbnailUrl\":\"http:\/\/diamond-shield-zapper.com\/wp-content\/uploads\/2015\/01\/ie-plate-ensemble-klein.jpg\",\"datePublished\":\"2014-12-30T12:13:01+00:00\",\"dateModified\":\"2022-10-24T13:26:04+00:00\",\"description\":\"Beim Plate-Zapping wird zus\u00e4tzlich noch eine Metallplatte zwischengeschaltet, auf die ausgew\u00e4hlte Ampullen - gegen Asthma oder Anti-Rauchen - gelegt werden.\",\"breadcrumb\":{\"@id\":\"http:\/\/diamond-shield-zapper.com\/en\/was-ist-plate-zapping\/#breadcrumb\"},\"inLanguage\":\"en-US\",\"potentialAction\":[{\"@type\":\"ReadAction\",\"target\":[\"http:\/\/diamond-shield-zapper.com\/en\/was-ist-plate-zapping\/\"]}]},{\"@type\":\"ImageObject\",\"inLanguage\":\"en-US\",\"@id\":\"http:\/\/diamond-shield-zapper.com\/en\/was-ist-plate-zapping\/#primaryimage\",\"url\":\"http:\/\/diamond-shield-zapper.com\/wp-content\/uploads\/2015\/01\/ie-plate-ensemble-klein.jpg\",\"contentUrl\":\"http:\/\/diamond-shield-zapper.com\/wp-content\/uploads\/2015\/01\/ie-plate-ensemble-klein.jpg\"},{\"@type\":\"BreadcrumbList\",\"@id\":\"http:\/\/diamond-shield-zapper.com\/en\/was-ist-plate-zapping\/#breadcrumb\",\"itemListElement\":[{\"@type\":\"ListItem\",\"position\":1,\"name\":\"Home\",\"item\":\"http:\/\/diamond-shield-zapper.com\/en\/\"},{\"@type\":\"ListItem\",\"position\":2,\"name\":\"Was ist Plate-Zapping?\"}]},{\"@type\":\"WebSite\",\"@id\":\"http:\/\/diamond-shield-zapper.com\/#website\",\"url\":\"http:\/\/diamond-shield-zapper.com\/\",\"name\":\"Diamond Shield Zapper\",\"description\":\"einfach nur Zappen war gestern\",\"potentialAction\":[{\"@type\":\"SearchAction\",\"target\":{\"@type\":\"EntryPoint\",\"urlTemplate\":\"http:\/\/diamond-shield-zapper.com\/?s={search_term_string}\"},\"query-input\":{\"@type\":\"PropertyValueSpecification\",\"valueRequired\":true,\"valueName\":\"search_term_string\"}}],\"inLanguage\":\"en-US\"}]}<\/script>\n<!-- \/ Yoast SEO plugin. -->","yoast_head_json":{"title":"Was ist Plate-Zapping? - Diamond Shield Zapper","description":"Beim Plate-Zapping wird zus\u00e4tzlich noch eine Metallplatte zwischengeschaltet, auf die ausgew\u00e4hlte Ampullen - gegen Asthma oder Anti-Rauchen - gelegt werden.","robots":{"index":"noindex","follow":"follow","max-snippet":"max-snippet:-1","max-image-preview":"max-image-preview:large","max-video-preview":"max-video-preview:-1"},"og_locale":"en_US","og_type":"article","og_title":"Was ist Plate-Zapping? - Diamond Shield Zapper","og_description":"Beim Plate-Zapping wird zus\u00e4tzlich noch eine Metallplatte zwischengeschaltet, auf die ausgew\u00e4hlte Ampullen - gegen Asthma oder Anti-Rauchen - gelegt werden.","og_url":"http:\/\/diamond-shield-zapper.com\/en\/was-ist-plate-zapping\/","og_site_name":"Diamond Shield Zapper","article_publisher":"https:\/\/www.facebook.com\/heilpraktiker.baklayan\/","article_modified_time":"2022-10-24T13:26:04+00:00","og_image":[{"url":"http:\/\/diamond-shield-zapper.com\/wp-content\/uploads\/2015\/01\/ie-plate-ensemble-klein.jpg","type":"","width":"","height":""}],"twitter_misc":{"Est. reading time":"1 minute"},"schema":{"@context":"https:\/\/schema.org","@graph":[{"@type":"WebPage","@id":"http:\/\/diamond-shield-zapper.com\/en\/was-ist-plate-zapping\/","url":"http:\/\/diamond-shield-zapper.com\/en\/was-ist-plate-zapping\/","name":"Was ist Plate-Zapping? - Diamond Shield Zapper","isPartOf":{"@id":"http:\/\/diamond-shield-zapper.com\/#website"},"primaryImageOfPage":{"@id":"http:\/\/diamond-shield-zapper.com\/en\/was-ist-plate-zapping\/#primaryimage"},"image":{"@id":"http:\/\/diamond-shield-zapper.com\/en\/was-ist-plate-zapping\/#primaryimage"},"thumbnailUrl":"http:\/\/diamond-shield-zapper.com\/wp-content\/uploads\/2015\/01\/ie-plate-ensemble-klein.jpg","datePublished":"2014-12-30T12:13:01+00:00","dateModified":"2022-10-24T13:26:04+00:00","description":"Beim Plate-Zapping wird zus\u00e4tzlich noch eine Metallplatte zwischengeschaltet, auf die ausgew\u00e4hlte Ampullen - gegen Asthma oder Anti-Rauchen - gelegt werden.","breadcrumb":{"@id":"http:\/\/diamond-shield-zapper.com\/en\/was-ist-plate-zapping\/#breadcrumb"},"inLanguage":"en-US","potentialAction":[{"@type":"ReadAction","target":["http:\/\/diamond-shield-zapper.com\/en\/was-ist-plate-zapping\/"]}]},{"@type":"ImageObject","inLanguage":"en-US","@id":"http:\/\/diamond-shield-zapper.com\/en\/was-ist-plate-zapping\/#primaryimage","url":"http:\/\/diamond-shield-zapper.com\/wp-content\/uploads\/2015\/01\/ie-plate-ensemble-klein.jpg","contentUrl":"http:\/\/diamond-shield-zapper.com\/wp-content\/uploads\/2015\/01\/ie-plate-ensemble-klein.jpg"},{"@type":"BreadcrumbList","@id":"http:\/\/diamond-shield-zapper.com\/en\/was-ist-plate-zapping\/#breadcrumb","itemListElement":[{"@type":"ListItem","position":1,"name":"Home","item":"http:\/\/diamond-shield-zapper.com\/en\/"},{"@type":"ListItem","position":2,"name":"Was ist Plate-Zapping?"}]},{"@type":"WebSite","@id":"http:\/\/diamond-shield-zapper.com\/#website","url":"http:\/\/diamond-shield-zapper.com\/","name":"Diamond Shield Zapper","description":"einfach nur Zappen war gestern","potentialAction":[{"@type":"SearchAction","target":{"@type":"EntryPoint","urlTemplate":"http:\/\/diamond-shield-zapper.com\/?s={search_term_string}"},"query-input":{"@type":"PropertyValueSpecification","valueRequired":true,"valueName":"search_term_string"}}],"inLanguage":"en-US"}]}},"_links":{"self":[{"href":"http:\/\/diamond-shield-zapper.com\/en\/wp-json\/wp\/v2\/pages\/1115","targetHints":{"allow":["GET"]}}],"collection":[{"href":"http:\/\/diamond-shield-zapper.com\/en\/wp-json\/wp\/v2\/pages"}],"about":[{"href":"http:\/\/diamond-shield-zapper.com\/en\/wp-json\/wp\/v2\/types\/page"}],"author":[{"embeddable":true,"href":"http:\/\/diamond-shield-zapper.com\/en\/wp-json\/wp\/v2\/users\/2"}],"replies":[{"embeddable":true,"href":"http:\/\/diamond-shield-zapper.com\/en\/wp-json\/wp\/v2\/comments?post=1115"}],"version-history":[{"count":1,"href":"http:\/\/diamond-shield-zapper.com\/en\/wp-json\/wp\/v2\/pages\/1115\/revisions"}],"predecessor-version":[{"id":6211,"href":"http:\/\/diamond-shield-zapper.com\/en\/wp-json\/wp\/v2\/pages\/1115\/revisions\/6211"}],"wp:attachment":[{"href":"http:\/\/diamond-shield-zapper.com\/en\/wp-json\/wp\/v2\/media?parent=1115"}],"curies":[{"name":"wp","href":"https:\/\/api.w.org\/{rel}","templated":true}]}}