{"id":4468,"date":"2018-09-06T19:35:07","date_gmt":"2018-09-06T19:35:07","guid":{"rendered":"http:\/\/diamond-shield-zapper.com\/diamond-shield-zapper-chipcard-borreliose-2\/"},"modified":"2022-10-24T13:13:32","modified_gmt":"2022-10-24T13:13:32","slug":"diamond-shield-zapper-chipcard-borreliose-2","status":"publish","type":"page","link":"http:\/\/diamond-shield-zapper.com\/en\/diamond-shield-zapper-chipcard-borreliose-2\/","title":{"rendered":"Diamond Shield Zapper Chipcard BO 2 &#8211; Borreliose 2"},"content":{"rendered":"<div id=\"cs-content\" class=\"cs-content\"><\/div>\n","protected":false},"excerpt":{"rendered":"<p>At a glance Borrelia\u2019s hate-frequencies Bioenergetic testing by therapist\u00a0 Nerve system, joints, threefold warmer For self-help:\u00a0 Supporting ChipCards: Prepare with BiBlo to eliminate bioenergetic blockades FvE opening of the intracellular space Diamond Shield Program Basic balancing of energy levels Crystal for a deep regulation of the entire meridian system Intensification: Healing Frequency search term \u201cborrel\u201d, lyme Frequency Compendium II searchindex &#8230;<\/p>\n","protected":false},"author":2,"featured_media":0,"parent":0,"menu_order":0,"comment_status":"closed","ping_status":"closed","template":"","meta":{"_mi_skip_tracking":false,"footnotes":""},"class_list":["post-4468","page","type-page","status-publish","hentry","no-post-thumbnail"],"yoast_head":"<!-- This site is optimized with the Yoast SEO plugin v24.9 - https:\/\/yoast.com\/wordpress\/plugins\/seo\/ -->\n<title>Diamond Shield Zapper Chipcard BO 2 - Borreliose 2<\/title>\n<meta name=\"description\" content=\"Diamond Shield Zapper Chipcard BO 2 - Borreliose 2 - Eine Borreliose-Erkrankung kann die Ursache f\u00fcr viele neuro\u00aclogische, rheumatische oder mit einer Immunschw\u00e4che verbun\u00acde\u00acnen Krankheiten darstellen, f\u00fcr deren Behandlung das BO-Programm \u00e4u\u00dferst hilfreich sein kann.\" \/>\n<meta name=\"robots\" content=\"noindex, follow, max-snippet:-1, max-image-preview:large, max-video-preview:-1\" \/>\n<meta property=\"og:locale\" content=\"en_US\" \/>\n<meta property=\"og:type\" content=\"article\" \/>\n<meta property=\"og:title\" content=\"Diamond Shield Zapper Chipcard BO 2 - Borreliose 2\" \/>\n<meta property=\"og:description\" content=\"Diamond Shield Zapper Chipcard BO 2 - Borreliose 2 - Eine Borreliose-Erkrankung kann die Ursache f\u00fcr viele neuro\u00aclogische, rheumatische oder mit einer Immunschw\u00e4che verbun\u00acde\u00acnen Krankheiten darstellen, f\u00fcr deren Behandlung das BO-Programm \u00e4u\u00dferst hilfreich sein kann.\" \/>\n<meta property=\"og:url\" content=\"http:\/\/diamond-shield-zapper.com\/en\/diamond-shield-zapper-chipcard-borreliose-2\/\" \/>\n<meta property=\"og:site_name\" content=\"Diamond Shield Zapper\" \/>\n<meta property=\"article:publisher\" content=\"https:\/\/www.facebook.com\/heilpraktiker.baklayan\/\" \/>\n<meta property=\"article:modified_time\" content=\"2022-10-24T13:13:32+00:00\" \/>\n<meta property=\"og:image\" content=\"http:\/\/diamond-shield-zapper.com\/wp-content\/uploads\/2015\/10\/slider-crystal-2-1000x.jpg\" \/>\n<script type=\"application\/ld+json\" class=\"yoast-schema-graph\">{\"@context\":\"https:\/\/schema.org\",\"@graph\":[{\"@type\":\"WebPage\",\"@id\":\"http:\/\/diamond-shield-zapper.com\/en\/diamond-shield-zapper-chipcard-borreliose-2\/\",\"url\":\"http:\/\/diamond-shield-zapper.com\/en\/diamond-shield-zapper-chipcard-borreliose-2\/\",\"name\":\"Diamond Shield Zapper Chipcard BO 2 - Borreliose 2\",\"isPartOf\":{\"@id\":\"http:\/\/diamond-shield-zapper.com\/#website\"},\"datePublished\":\"2018-09-06T19:35:07+00:00\",\"dateModified\":\"2022-10-24T13:13:32+00:00\",\"description\":\"Diamond Shield Zapper Chipcard BO 2 - Borreliose 2 - Eine Borreliose-Erkrankung kann die Ursache f\u00fcr viele neuro\u00aclogische, rheumatische oder mit einer Immunschw\u00e4che verbun\u00acde\u00acnen Krankheiten darstellen, f\u00fcr deren Behandlung das BO-Programm \u00e4u\u00dferst hilfreich sein kann.\",\"breadcrumb\":{\"@id\":\"http:\/\/diamond-shield-zapper.com\/en\/diamond-shield-zapper-chipcard-borreliose-2\/#breadcrumb\"},\"inLanguage\":\"en-US\",\"potentialAction\":[{\"@type\":\"ReadAction\",\"target\":[\"http:\/\/diamond-shield-zapper.com\/en\/diamond-shield-zapper-chipcard-borreliose-2\/\"]}]},{\"@type\":\"BreadcrumbList\",\"@id\":\"http:\/\/diamond-shield-zapper.com\/en\/diamond-shield-zapper-chipcard-borreliose-2\/#breadcrumb\",\"itemListElement\":[{\"@type\":\"ListItem\",\"position\":1,\"name\":\"Home\",\"item\":\"http:\/\/diamond-shield-zapper.com\/en\/\"},{\"@type\":\"ListItem\",\"position\":2,\"name\":\"Diamond Shield Zapper Chipcard BO 2 &#8211; Borreliose 2\"}]},{\"@type\":\"WebSite\",\"@id\":\"http:\/\/diamond-shield-zapper.com\/#website\",\"url\":\"http:\/\/diamond-shield-zapper.com\/\",\"name\":\"Diamond Shield Zapper\",\"description\":\"einfach nur Zappen war gestern\",\"potentialAction\":[{\"@type\":\"SearchAction\",\"target\":{\"@type\":\"EntryPoint\",\"urlTemplate\":\"http:\/\/diamond-shield-zapper.com\/?s={search_term_string}\"},\"query-input\":{\"@type\":\"PropertyValueSpecification\",\"valueRequired\":true,\"valueName\":\"search_term_string\"}}],\"inLanguage\":\"en-US\"}]}<\/script>\n<!-- \/ Yoast SEO plugin. -->","yoast_head_json":{"title":"Diamond Shield Zapper Chipcard BO 2 - Borreliose 2","description":"Diamond Shield Zapper Chipcard BO 2 - Borreliose 2 - Eine Borreliose-Erkrankung kann die Ursache f\u00fcr viele neuro\u00aclogische, rheumatische oder mit einer Immunschw\u00e4che verbun\u00acde\u00acnen Krankheiten darstellen, f\u00fcr deren Behandlung das BO-Programm \u00e4u\u00dferst hilfreich sein kann.","robots":{"index":"noindex","follow":"follow","max-snippet":"max-snippet:-1","max-image-preview":"max-image-preview:large","max-video-preview":"max-video-preview:-1"},"og_locale":"en_US","og_type":"article","og_title":"Diamond Shield Zapper Chipcard BO 2 - Borreliose 2","og_description":"Diamond Shield Zapper Chipcard BO 2 - Borreliose 2 - Eine Borreliose-Erkrankung kann die Ursache f\u00fcr viele neuro\u00aclogische, rheumatische oder mit einer Immunschw\u00e4che verbun\u00acde\u00acnen Krankheiten darstellen, f\u00fcr deren Behandlung das BO-Programm \u00e4u\u00dferst hilfreich sein kann.","og_url":"http:\/\/diamond-shield-zapper.com\/en\/diamond-shield-zapper-chipcard-borreliose-2\/","og_site_name":"Diamond Shield Zapper","article_publisher":"https:\/\/www.facebook.com\/heilpraktiker.baklayan\/","article_modified_time":"2022-10-24T13:13:32+00:00","og_image":[{"url":"http:\/\/diamond-shield-zapper.com\/wp-content\/uploads\/2015\/10\/slider-crystal-2-1000x.jpg","type":"","width":"","height":""}],"schema":{"@context":"https:\/\/schema.org","@graph":[{"@type":"WebPage","@id":"http:\/\/diamond-shield-zapper.com\/en\/diamond-shield-zapper-chipcard-borreliose-2\/","url":"http:\/\/diamond-shield-zapper.com\/en\/diamond-shield-zapper-chipcard-borreliose-2\/","name":"Diamond Shield Zapper Chipcard BO 2 - Borreliose 2","isPartOf":{"@id":"http:\/\/diamond-shield-zapper.com\/#website"},"datePublished":"2018-09-06T19:35:07+00:00","dateModified":"2022-10-24T13:13:32+00:00","description":"Diamond Shield Zapper Chipcard BO 2 - Borreliose 2 - Eine Borreliose-Erkrankung kann die Ursache f\u00fcr viele neuro\u00aclogische, rheumatische oder mit einer Immunschw\u00e4che verbun\u00acde\u00acnen Krankheiten darstellen, f\u00fcr deren Behandlung das BO-Programm \u00e4u\u00dferst hilfreich sein kann.","breadcrumb":{"@id":"http:\/\/diamond-shield-zapper.com\/en\/diamond-shield-zapper-chipcard-borreliose-2\/#breadcrumb"},"inLanguage":"en-US","potentialAction":[{"@type":"ReadAction","target":["http:\/\/diamond-shield-zapper.com\/en\/diamond-shield-zapper-chipcard-borreliose-2\/"]}]},{"@type":"BreadcrumbList","@id":"http:\/\/diamond-shield-zapper.com\/en\/diamond-shield-zapper-chipcard-borreliose-2\/#breadcrumb","itemListElement":[{"@type":"ListItem","position":1,"name":"Home","item":"http:\/\/diamond-shield-zapper.com\/en\/"},{"@type":"ListItem","position":2,"name":"Diamond Shield Zapper Chipcard BO 2 &#8211; Borreliose 2"}]},{"@type":"WebSite","@id":"http:\/\/diamond-shield-zapper.com\/#website","url":"http:\/\/diamond-shield-zapper.com\/","name":"Diamond Shield Zapper","description":"einfach nur Zappen war gestern","potentialAction":[{"@type":"SearchAction","target":{"@type":"EntryPoint","urlTemplate":"http:\/\/diamond-shield-zapper.com\/?s={search_term_string}"},"query-input":{"@type":"PropertyValueSpecification","valueRequired":true,"valueName":"search_term_string"}}],"inLanguage":"en-US"}]}},"_links":{"self":[{"href":"http:\/\/diamond-shield-zapper.com\/en\/wp-json\/wp\/v2\/pages\/4468","targetHints":{"allow":["GET"]}}],"collection":[{"href":"http:\/\/diamond-shield-zapper.com\/en\/wp-json\/wp\/v2\/pages"}],"about":[{"href":"http:\/\/diamond-shield-zapper.com\/en\/wp-json\/wp\/v2\/types\/page"}],"author":[{"embeddable":true,"href":"http:\/\/diamond-shield-zapper.com\/en\/wp-json\/wp\/v2\/users\/2"}],"replies":[{"embeddable":true,"href":"http:\/\/diamond-shield-zapper.com\/en\/wp-json\/wp\/v2\/comments?post=4468"}],"version-history":[{"count":1,"href":"http:\/\/diamond-shield-zapper.com\/en\/wp-json\/wp\/v2\/pages\/4468\/revisions"}],"predecessor-version":[{"id":6047,"href":"http:\/\/diamond-shield-zapper.com\/en\/wp-json\/wp\/v2\/pages\/4468\/revisions\/6047"}],"wp:attachment":[{"href":"http:\/\/diamond-shield-zapper.com\/en\/wp-json\/wp\/v2\/media?parent=4468"}],"curies":[{"name":"wp","href":"https:\/\/api.w.org\/{rel}","templated":true}]}}