{"id":4595,"date":"2018-09-12T19:02:46","date_gmt":"2018-09-12T19:02:46","guid":{"rendered":"http:\/\/diamond-shield-zapper.com\/diamond-shield-zapper-chipcard-prostata\/"},"modified":"2022-10-24T13:19:27","modified_gmt":"2022-10-24T13:19:27","slug":"diamond-shield-zapper-chipcard-prostata","status":"publish","type":"page","link":"http:\/\/diamond-shield-zapper.com\/en\/diamond-shield-zapper-chipcard-prostata\/","title":{"rendered":"Diamond Shield Zapper Chipcard Pr &#8211; Prostata"},"content":{"rendered":"<div id=\"cs-content\" class=\"cs-content\"><\/div>\n","protected":false},"excerpt":{"rendered":"<p>At a glance\u00a0 Help for a loaded prostate Bioenergetic testing by therapist lymph, kidney, bladder meridian For self-help: Supporting ChipCards: DTX activates excretion and detoxification Diamond Shield Program Basic balancing of energy levels Crystal for a deep regulation of the entire meridian system ImPar strengthens the immune system against parasites Combination with:\u00a0 WATER Support in case of erectile dysfunction, loss &#8230;<\/p>\n","protected":false},"author":2,"featured_media":0,"parent":0,"menu_order":0,"comment_status":"closed","ping_status":"closed","template":"","meta":{"_mi_skip_tracking":false,"footnotes":""},"class_list":["post-4595","page","type-page","status-publish","hentry","no-post-thumbnail"],"yoast_head":"<!-- This site is optimized with the Yoast SEO plugin v24.9 - https:\/\/yoast.com\/wordpress\/plugins\/seo\/ -->\n<title>Diamond Shield Zapper Chipcard Pr - Prostata - Probleme<\/title>\n<meta name=\"description\" content=\"Diamond Shield Zapper Chipcard Pr - Prostata - Diese ChipCard unterst\u00fctzt alle Hauptfunktionen der Prostata. Prostataprobleme geh\u00f6ren zu den h\u00e4ufigsten Problemen von M\u00e4nnern ab einem bestimmten Alter.\" \/>\n<meta name=\"robots\" content=\"noindex, follow, max-snippet:-1, max-image-preview:large, max-video-preview:-1\" \/>\n<meta property=\"og:locale\" content=\"en_US\" \/>\n<meta property=\"og:type\" content=\"article\" \/>\n<meta property=\"og:title\" content=\"Diamond Shield Zapper Chipcard Pr - Prostata - Probleme\" \/>\n<meta property=\"og:description\" content=\"Diamond Shield Zapper Chipcard Pr - Prostata - Diese ChipCard unterst\u00fctzt alle Hauptfunktionen der Prostata. Prostataprobleme geh\u00f6ren zu den h\u00e4ufigsten Problemen von M\u00e4nnern ab einem bestimmten Alter.\" \/>\n<meta property=\"og:url\" content=\"http:\/\/diamond-shield-zapper.com\/en\/diamond-shield-zapper-chipcard-prostata\/\" \/>\n<meta property=\"og:site_name\" content=\"Diamond Shield Zapper\" \/>\n<meta property=\"article:publisher\" content=\"https:\/\/www.facebook.com\/heilpraktiker.baklayan\/\" \/>\n<meta property=\"article:modified_time\" content=\"2022-10-24T13:19:27+00:00\" \/>\n<meta property=\"og:image\" content=\"http:\/\/diamond-shield-zapper.com\/wp-content\/uploads\/2015\/10\/slider-crystal-2-1000x.jpg\" \/>\n<script type=\"application\/ld+json\" class=\"yoast-schema-graph\">{\"@context\":\"https:\/\/schema.org\",\"@graph\":[{\"@type\":\"WebPage\",\"@id\":\"http:\/\/diamond-shield-zapper.com\/en\/diamond-shield-zapper-chipcard-prostata\/\",\"url\":\"http:\/\/diamond-shield-zapper.com\/en\/diamond-shield-zapper-chipcard-prostata\/\",\"name\":\"Diamond Shield Zapper Chipcard Pr - Prostata - Probleme\",\"isPartOf\":{\"@id\":\"http:\/\/diamond-shield-zapper.com\/#website\"},\"datePublished\":\"2018-09-12T19:02:46+00:00\",\"dateModified\":\"2022-10-24T13:19:27+00:00\",\"description\":\"Diamond Shield Zapper Chipcard Pr - Prostata - Diese ChipCard unterst\u00fctzt alle Hauptfunktionen der Prostata. Prostataprobleme geh\u00f6ren zu den h\u00e4ufigsten Problemen von M\u00e4nnern ab einem bestimmten Alter.\",\"breadcrumb\":{\"@id\":\"http:\/\/diamond-shield-zapper.com\/en\/diamond-shield-zapper-chipcard-prostata\/#breadcrumb\"},\"inLanguage\":\"en-US\",\"potentialAction\":[{\"@type\":\"ReadAction\",\"target\":[\"http:\/\/diamond-shield-zapper.com\/en\/diamond-shield-zapper-chipcard-prostata\/\"]}]},{\"@type\":\"BreadcrumbList\",\"@id\":\"http:\/\/diamond-shield-zapper.com\/en\/diamond-shield-zapper-chipcard-prostata\/#breadcrumb\",\"itemListElement\":[{\"@type\":\"ListItem\",\"position\":1,\"name\":\"Home\",\"item\":\"http:\/\/diamond-shield-zapper.com\/en\/\"},{\"@type\":\"ListItem\",\"position\":2,\"name\":\"Diamond Shield Zapper Chipcard Pr &#8211; Prostata\"}]},{\"@type\":\"WebSite\",\"@id\":\"http:\/\/diamond-shield-zapper.com\/#website\",\"url\":\"http:\/\/diamond-shield-zapper.com\/\",\"name\":\"Diamond Shield Zapper\",\"description\":\"einfach nur Zappen war gestern\",\"potentialAction\":[{\"@type\":\"SearchAction\",\"target\":{\"@type\":\"EntryPoint\",\"urlTemplate\":\"http:\/\/diamond-shield-zapper.com\/?s={search_term_string}\"},\"query-input\":{\"@type\":\"PropertyValueSpecification\",\"valueRequired\":true,\"valueName\":\"search_term_string\"}}],\"inLanguage\":\"en-US\"}]}<\/script>\n<!-- \/ Yoast SEO plugin. -->","yoast_head_json":{"title":"Diamond Shield Zapper Chipcard Pr - Prostata - Probleme","description":"Diamond Shield Zapper Chipcard Pr - Prostata - Diese ChipCard unterst\u00fctzt alle Hauptfunktionen der Prostata. Prostataprobleme geh\u00f6ren zu den h\u00e4ufigsten Problemen von M\u00e4nnern ab einem bestimmten Alter.","robots":{"index":"noindex","follow":"follow","max-snippet":"max-snippet:-1","max-image-preview":"max-image-preview:large","max-video-preview":"max-video-preview:-1"},"og_locale":"en_US","og_type":"article","og_title":"Diamond Shield Zapper Chipcard Pr - Prostata - Probleme","og_description":"Diamond Shield Zapper Chipcard Pr - Prostata - Diese ChipCard unterst\u00fctzt alle Hauptfunktionen der Prostata. Prostataprobleme geh\u00f6ren zu den h\u00e4ufigsten Problemen von M\u00e4nnern ab einem bestimmten Alter.","og_url":"http:\/\/diamond-shield-zapper.com\/en\/diamond-shield-zapper-chipcard-prostata\/","og_site_name":"Diamond Shield Zapper","article_publisher":"https:\/\/www.facebook.com\/heilpraktiker.baklayan\/","article_modified_time":"2022-10-24T13:19:27+00:00","og_image":[{"url":"http:\/\/diamond-shield-zapper.com\/wp-content\/uploads\/2015\/10\/slider-crystal-2-1000x.jpg","type":"","width":"","height":""}],"schema":{"@context":"https:\/\/schema.org","@graph":[{"@type":"WebPage","@id":"http:\/\/diamond-shield-zapper.com\/en\/diamond-shield-zapper-chipcard-prostata\/","url":"http:\/\/diamond-shield-zapper.com\/en\/diamond-shield-zapper-chipcard-prostata\/","name":"Diamond Shield Zapper Chipcard Pr - Prostata - Probleme","isPartOf":{"@id":"http:\/\/diamond-shield-zapper.com\/#website"},"datePublished":"2018-09-12T19:02:46+00:00","dateModified":"2022-10-24T13:19:27+00:00","description":"Diamond Shield Zapper Chipcard Pr - Prostata - Diese ChipCard unterst\u00fctzt alle Hauptfunktionen der Prostata. Prostataprobleme geh\u00f6ren zu den h\u00e4ufigsten Problemen von M\u00e4nnern ab einem bestimmten Alter.","breadcrumb":{"@id":"http:\/\/diamond-shield-zapper.com\/en\/diamond-shield-zapper-chipcard-prostata\/#breadcrumb"},"inLanguage":"en-US","potentialAction":[{"@type":"ReadAction","target":["http:\/\/diamond-shield-zapper.com\/en\/diamond-shield-zapper-chipcard-prostata\/"]}]},{"@type":"BreadcrumbList","@id":"http:\/\/diamond-shield-zapper.com\/en\/diamond-shield-zapper-chipcard-prostata\/#breadcrumb","itemListElement":[{"@type":"ListItem","position":1,"name":"Home","item":"http:\/\/diamond-shield-zapper.com\/en\/"},{"@type":"ListItem","position":2,"name":"Diamond Shield Zapper Chipcard Pr &#8211; Prostata"}]},{"@type":"WebSite","@id":"http:\/\/diamond-shield-zapper.com\/#website","url":"http:\/\/diamond-shield-zapper.com\/","name":"Diamond Shield Zapper","description":"einfach nur Zappen war gestern","potentialAction":[{"@type":"SearchAction","target":{"@type":"EntryPoint","urlTemplate":"http:\/\/diamond-shield-zapper.com\/?s={search_term_string}"},"query-input":{"@type":"PropertyValueSpecification","valueRequired":true,"valueName":"search_term_string"}}],"inLanguage":"en-US"}]}},"_links":{"self":[{"href":"http:\/\/diamond-shield-zapper.com\/en\/wp-json\/wp\/v2\/pages\/4595","targetHints":{"allow":["GET"]}}],"collection":[{"href":"http:\/\/diamond-shield-zapper.com\/en\/wp-json\/wp\/v2\/pages"}],"about":[{"href":"http:\/\/diamond-shield-zapper.com\/en\/wp-json\/wp\/v2\/types\/page"}],"author":[{"embeddable":true,"href":"http:\/\/diamond-shield-zapper.com\/en\/wp-json\/wp\/v2\/users\/2"}],"replies":[{"embeddable":true,"href":"http:\/\/diamond-shield-zapper.com\/en\/wp-json\/wp\/v2\/comments?post=4595"}],"version-history":[{"count":1,"href":"http:\/\/diamond-shield-zapper.com\/en\/wp-json\/wp\/v2\/pages\/4595\/revisions"}],"predecessor-version":[{"id":6099,"href":"http:\/\/diamond-shield-zapper.com\/en\/wp-json\/wp\/v2\/pages\/4595\/revisions\/6099"}],"wp:attachment":[{"href":"http:\/\/diamond-shield-zapper.com\/en\/wp-json\/wp\/v2\/media?parent=4595"}],"curies":[{"name":"wp","href":"https:\/\/api.w.org\/{rel}","templated":true}]}}