{"id":5032,"date":"2020-01-16T23:07:54","date_gmt":"2020-01-16T23:07:54","guid":{"rendered":"http:\/\/diamond-shield-zapper.com\/?page_id=5032"},"modified":"2020-01-16T23:13:54","modified_gmt":"2020-01-16T23:13:54","slug":"diamond-shield-zapper-chipcard-5-elements-metal-damping","status":"publish","type":"page","link":"http:\/\/diamond-shield-zapper.com\/en\/diamond-shield-zapper-chipcard-5-elements-metal-damping\/","title":{"rendered":"Diamond Shield Zapper Chipcard 5 Elements Metal Damping"},"content":{"rendered":"<div id=\"cs-content\" class=\"cs-content\"><\/div>\n","protected":false},"excerpt":{"rendered":"<p>Metal Damping \u00a0 \u00a0\u00a0\u00a0\u00a0\u00a0\u00a0\u00a0\u00a0\u00a0 Cold The element metal in the Chinese medicine regulates the lungs and the colon meridian and its functions. Also remember with the following complaints: Cough with sputum Constipation Swollen reddend throat<\/p>\n","protected":false},"author":2,"featured_media":0,"parent":0,"menu_order":0,"comment_status":"closed","ping_status":"closed","template":"","meta":{"_mi_skip_tracking":false,"footnotes":""},"class_list":["post-5032","page","type-page","status-publish","hentry","no-post-thumbnail"],"yoast_head":"<!-- This site is optimized with the Yoast SEO plugin v24.9 - https:\/\/yoast.com\/wordpress\/plugins\/seo\/ -->\n<title>Diamond Shield Zapper Chipcard 5 Elemente Holz D\u00e4mpfung<\/title>\n<meta name=\"description\" content=\"Diamond Shield Zapper Chipcard 5 Elemente Holz D\u00e4mpfung - HOLZ D\u00e4mpfung Kopfschmerzen - Diese ChipCard geh\u00f6rt zum Regelkreis des Holz-Elements. Das Element HOLZ reguliert Leber und Gallen\u00acblase.\" \/>\n<meta name=\"robots\" content=\"noindex, follow, max-snippet:-1, max-image-preview:large, max-video-preview:-1\" \/>\n<meta property=\"og:locale\" content=\"en_US\" \/>\n<meta property=\"og:type\" content=\"article\" \/>\n<meta property=\"og:title\" content=\"Diamond Shield Zapper Chipcard 5 Elemente Holz D\u00e4mpfung\" \/>\n<meta property=\"og:description\" content=\"Diamond Shield Zapper Chipcard 5 Elemente Holz D\u00e4mpfung - HOLZ D\u00e4mpfung Kopfschmerzen - Diese ChipCard geh\u00f6rt zum Regelkreis des Holz-Elements. Das Element HOLZ reguliert Leber und Gallen\u00acblase.\" \/>\n<meta property=\"og:url\" content=\"http:\/\/diamond-shield-zapper.com\/en\/diamond-shield-zapper-chipcard-5-elements-metal-damping\/\" \/>\n<meta property=\"og:site_name\" content=\"Diamond Shield Zapper\" \/>\n<meta property=\"article:publisher\" content=\"https:\/\/www.facebook.com\/heilpraktiker.baklayan\/\" \/>\n<meta property=\"article:modified_time\" content=\"2020-01-16T23:13:54+00:00\" \/>\n<meta property=\"og:image\" content=\"http:\/\/diamond-shield-zapper.com\/wp-content\/uploads\/2015\/10\/slider-crystal-2-1000x.jpg\" \/>\n<script type=\"application\/ld+json\" class=\"yoast-schema-graph\">{\"@context\":\"https:\/\/schema.org\",\"@graph\":[{\"@type\":\"WebPage\",\"@id\":\"http:\/\/diamond-shield-zapper.com\/en\/diamond-shield-zapper-chipcard-5-elements-metal-damping\/\",\"url\":\"http:\/\/diamond-shield-zapper.com\/en\/diamond-shield-zapper-chipcard-5-elements-metal-damping\/\",\"name\":\"Diamond Shield Zapper Chipcard 5 Elemente Holz D\u00e4mpfung\",\"isPartOf\":{\"@id\":\"http:\/\/diamond-shield-zapper.com\/#website\"},\"datePublished\":\"2020-01-16T23:07:54+00:00\",\"dateModified\":\"2020-01-16T23:13:54+00:00\",\"description\":\"Diamond Shield Zapper Chipcard 5 Elemente Holz D\u00e4mpfung - HOLZ D\u00e4mpfung Kopfschmerzen - Diese ChipCard geh\u00f6rt zum Regelkreis des Holz-Elements. Das Element HOLZ reguliert Leber und Gallen\u00acblase.\",\"breadcrumb\":{\"@id\":\"http:\/\/diamond-shield-zapper.com\/en\/diamond-shield-zapper-chipcard-5-elements-metal-damping\/#breadcrumb\"},\"inLanguage\":\"en-US\",\"potentialAction\":[{\"@type\":\"ReadAction\",\"target\":[\"http:\/\/diamond-shield-zapper.com\/en\/diamond-shield-zapper-chipcard-5-elements-metal-damping\/\"]}]},{\"@type\":\"BreadcrumbList\",\"@id\":\"http:\/\/diamond-shield-zapper.com\/en\/diamond-shield-zapper-chipcard-5-elements-metal-damping\/#breadcrumb\",\"itemListElement\":[{\"@type\":\"ListItem\",\"position\":1,\"name\":\"Home\",\"item\":\"http:\/\/diamond-shield-zapper.com\/en\/\"},{\"@type\":\"ListItem\",\"position\":2,\"name\":\"Diamond Shield Zapper Chipcard 5 Elements Metal Damping\"}]},{\"@type\":\"WebSite\",\"@id\":\"http:\/\/diamond-shield-zapper.com\/#website\",\"url\":\"http:\/\/diamond-shield-zapper.com\/\",\"name\":\"Diamond Shield Zapper\",\"description\":\"einfach nur Zappen war gestern\",\"potentialAction\":[{\"@type\":\"SearchAction\",\"target\":{\"@type\":\"EntryPoint\",\"urlTemplate\":\"http:\/\/diamond-shield-zapper.com\/?s={search_term_string}\"},\"query-input\":{\"@type\":\"PropertyValueSpecification\",\"valueRequired\":true,\"valueName\":\"search_term_string\"}}],\"inLanguage\":\"en-US\"}]}<\/script>\n<!-- \/ Yoast SEO plugin. -->","yoast_head_json":{"title":"Diamond Shield Zapper Chipcard 5 Elemente Holz D\u00e4mpfung","description":"Diamond Shield Zapper Chipcard 5 Elemente Holz D\u00e4mpfung - HOLZ D\u00e4mpfung Kopfschmerzen - Diese ChipCard geh\u00f6rt zum Regelkreis des Holz-Elements. Das Element HOLZ reguliert Leber und Gallen\u00acblase.","robots":{"index":"noindex","follow":"follow","max-snippet":"max-snippet:-1","max-image-preview":"max-image-preview:large","max-video-preview":"max-video-preview:-1"},"og_locale":"en_US","og_type":"article","og_title":"Diamond Shield Zapper Chipcard 5 Elemente Holz D\u00e4mpfung","og_description":"Diamond Shield Zapper Chipcard 5 Elemente Holz D\u00e4mpfung - HOLZ D\u00e4mpfung Kopfschmerzen - Diese ChipCard geh\u00f6rt zum Regelkreis des Holz-Elements. Das Element HOLZ reguliert Leber und Gallen\u00acblase.","og_url":"http:\/\/diamond-shield-zapper.com\/en\/diamond-shield-zapper-chipcard-5-elements-metal-damping\/","og_site_name":"Diamond Shield Zapper","article_publisher":"https:\/\/www.facebook.com\/heilpraktiker.baklayan\/","article_modified_time":"2020-01-16T23:13:54+00:00","og_image":[{"url":"http:\/\/diamond-shield-zapper.com\/wp-content\/uploads\/2015\/10\/slider-crystal-2-1000x.jpg","type":"","width":"","height":""}],"schema":{"@context":"https:\/\/schema.org","@graph":[{"@type":"WebPage","@id":"http:\/\/diamond-shield-zapper.com\/en\/diamond-shield-zapper-chipcard-5-elements-metal-damping\/","url":"http:\/\/diamond-shield-zapper.com\/en\/diamond-shield-zapper-chipcard-5-elements-metal-damping\/","name":"Diamond Shield Zapper Chipcard 5 Elemente Holz D\u00e4mpfung","isPartOf":{"@id":"http:\/\/diamond-shield-zapper.com\/#website"},"datePublished":"2020-01-16T23:07:54+00:00","dateModified":"2020-01-16T23:13:54+00:00","description":"Diamond Shield Zapper Chipcard 5 Elemente Holz D\u00e4mpfung - HOLZ D\u00e4mpfung Kopfschmerzen - Diese ChipCard geh\u00f6rt zum Regelkreis des Holz-Elements. Das Element HOLZ reguliert Leber und Gallen\u00acblase.","breadcrumb":{"@id":"http:\/\/diamond-shield-zapper.com\/en\/diamond-shield-zapper-chipcard-5-elements-metal-damping\/#breadcrumb"},"inLanguage":"en-US","potentialAction":[{"@type":"ReadAction","target":["http:\/\/diamond-shield-zapper.com\/en\/diamond-shield-zapper-chipcard-5-elements-metal-damping\/"]}]},{"@type":"BreadcrumbList","@id":"http:\/\/diamond-shield-zapper.com\/en\/diamond-shield-zapper-chipcard-5-elements-metal-damping\/#breadcrumb","itemListElement":[{"@type":"ListItem","position":1,"name":"Home","item":"http:\/\/diamond-shield-zapper.com\/en\/"},{"@type":"ListItem","position":2,"name":"Diamond Shield Zapper Chipcard 5 Elements Metal Damping"}]},{"@type":"WebSite","@id":"http:\/\/diamond-shield-zapper.com\/#website","url":"http:\/\/diamond-shield-zapper.com\/","name":"Diamond Shield Zapper","description":"einfach nur Zappen war gestern","potentialAction":[{"@type":"SearchAction","target":{"@type":"EntryPoint","urlTemplate":"http:\/\/diamond-shield-zapper.com\/?s={search_term_string}"},"query-input":{"@type":"PropertyValueSpecification","valueRequired":true,"valueName":"search_term_string"}}],"inLanguage":"en-US"}]}},"_links":{"self":[{"href":"http:\/\/diamond-shield-zapper.com\/en\/wp-json\/wp\/v2\/pages\/5032","targetHints":{"allow":["GET"]}}],"collection":[{"href":"http:\/\/diamond-shield-zapper.com\/en\/wp-json\/wp\/v2\/pages"}],"about":[{"href":"http:\/\/diamond-shield-zapper.com\/en\/wp-json\/wp\/v2\/types\/page"}],"author":[{"embeddable":true,"href":"http:\/\/diamond-shield-zapper.com\/en\/wp-json\/wp\/v2\/users\/2"}],"replies":[{"embeddable":true,"href":"http:\/\/diamond-shield-zapper.com\/en\/wp-json\/wp\/v2\/comments?post=5032"}],"version-history":[{"count":1,"href":"http:\/\/diamond-shield-zapper.com\/en\/wp-json\/wp\/v2\/pages\/5032\/revisions"}],"predecessor-version":[{"id":5038,"href":"http:\/\/diamond-shield-zapper.com\/en\/wp-json\/wp\/v2\/pages\/5032\/revisions\/5038"}],"wp:attachment":[{"href":"http:\/\/diamond-shield-zapper.com\/en\/wp-json\/wp\/v2\/media?parent=5032"}],"curies":[{"name":"wp","href":"https:\/\/api.w.org\/{rel}","templated":true}]}}