{"id":1974,"date":"2015-10-13T16:55:53","date_gmt":"2015-10-13T16:55:53","guid":{"rendered":"http:\/\/diamond-shield-zapper.com\/diamond-shield-el-escudo-protector\/"},"modified":"2015-10-13T16:55:53","modified_gmt":"2015-10-13T16:55:53","slug":"diamond-shield-el-escudo-protector","status":"publish","type":"page","link":"http:\/\/diamond-shield-zapper.com\/es\/diamond-shield-el-escudo-protector\/","title":{"rendered":"Diamond Shield: el escudo protector"},"content":{"rendered":"<div class=\"fusion-title title fusion-title-size-one\"><h1 class=\"title-heading-left\">Proteja su salud con un escudo protector<\/h1><div class=\"title-sep-container\"><div class=\"title-sep sep-single\"><\/div><\/div><\/div><p><strong>Nuestro organismo se expone de forma cotidiana a sustancias ambientales nocivas, de las que no podemos escapar. Que maravilloso ser\u00eda disponer de una armadura que pudi\u00e9semos llevar puesta para protegernos contra las influencias pat\u00f3genas.<\/strong><\/p>\n<p>De hecho, ya existe un escudo protector natural que lo permite en forma de una red de meridianos que se extiende por todo nuestro organismo, aunque suele perder su capacidad operativa debido a la excesiva exposici\u00f3n a cargas y tensiones que nos somete la vida moderna.<img loading=\"lazy\" decoding=\"async\" class=\"alignright size-medium wp-image-595\" src=\"http:\/\/diamond-shield-zapper.com\/wp-content\/uploads\/2014\/12\/ooopsR\u00fcstung1-248x300.jpg\" alt=\"Protecci\u00f3n de meridianos desgastada\" width=\"248\" height=\"300\" srcset=\"http:\/\/diamond-shield-zapper.com\/wp-content\/uploads\/2014\/12\/ooopsR\u00fcstung1-248x300.jpg 248w, http:\/\/diamond-shield-zapper.com\/wp-content\/uploads\/2014\/12\/ooopsR\u00fcstung1.jpg 600w\" sizes=\"auto, (max-width: 248px) 100vw, 248px\" \/><\/p>\n<hr \/>\n<p><strong>El sistema de meridianos energ\u00e9ticos que se extiende por la superficie corporal no tiene otra funci\u00f3n que protegernos contra las influencias externas.<\/strong><\/p>\n<hr \/>\n<p>El sistema de meridianos perfectamente regulado recorre toda la superficie corporal y permite la libre circulaci\u00f3n de la energ\u00eda vital Qi por sus canales. Esta red protectora se puede comparar a la coraza de una armadura, que como todos sabemos su funci\u00f3n es contener posibles impactos o sacudidas y procurar que el cuerpo sufra la menor cantidad de lesiones posible.<\/p>\n<p>Sin embargo, este tipo de protecci\u00f3n no parece tener una resistencia ilimitada. Si la coraza de la armadura es maltratada a diario con una gran cantidad de golpes acabar\u00e1 resquebraj\u00e1ndose poco a poco. Por lo tanto, desaparecen algunas partes que son necesarias para ofrecer una protecci\u00f3n de todo el cuerpo. Las condiciones atmosf\u00e9ricas provocan la oxidaci\u00f3n (cargas).<\/p>\n<p>Nuestro sistema de meridianos tambi\u00e9n se encuentra en una situaci\u00f3n muy inestable: el escudo protector est\u00e1 tan degenerado que funciona bajo m\u00ednimos.<\/p>\n<p>La idea de contrarrestar el debilitamiento del escudo protector fortaleciendo el sistema de meridianos no es nueva. Sobre todo el Chi Gung y las artes marciales chinas siempre han buscado garantizar el fortalecimiento y la limpieza del sistema de meridianos mediante el ejercicio para crear, en \u00faltima instancia, un cuerpo de diamante perfecto que repele todo tipo de influencias negativas.<\/p>\n<hr \/>\n<div class=\"fusion-content-boxes content-boxes columns fusion-columns-3 fusion-content-boxes-1 content-boxes-icon-on-top row content-left\" style=\"margin-top:;margin-bottom:;\"><div class=\"fusion-column content-box-column content-box-column-1 col-lg-4 col-md-4 col-sm-4\"><div class=\"col content-wrapper\"><div class=\"heading icon-left\"><\/div><div class=\"fusion-clearfix\"><\/div><div class=\"content-container\"><img loading=\"lazy\" decoding=\"async\" class=\"aligncenter  wp-image-597\" src=\"http:\/\/diamond-shield-zapper.com\/wp-content\/uploads\/2014\/12\/ooopsSchutzschirm1-214x300.jpg\" alt=\"Escudo protector de diamante\" width=\"138\" height=\"194\" srcset=\"http:\/\/diamond-shield-zapper.com\/wp-content\/uploads\/2014\/12\/ooopsSchutzschirm1-214x300.jpg 214w, http:\/\/diamond-shield-zapper.com\/wp-content\/uploads\/2014\/12\/ooopsSchutzschirm1.jpg 500w\" sizes=\"auto, (max-width: 138px) 100vw, 138px\" \/><\/div><\/div><\/div><div class=\"fusion-column content-box-column content-box-column-2 col-lg-4 col-md-4 col-sm-4\"><div class=\"col content-wrapper\"><div class=\"heading heading-with-icon icon-left\"><div class=\"icon\"><i style=\"background-color:transparent;border-color:transparent;height:auto;width:px;line-height:normal;color:#ffffff;font-size:px;\" class=\"fa fontawesome-icon fa-star-o\"><\/i><\/div><\/div><div class=\"fusion-clearfix\"><\/div><div class=\"content-container\"> <strong>\u00danicamente necesitamos dos cosas:<br \/>\nuna descarga regular y un escudo protector de diamante en perfectas condiciones de funcionamiento.<\/strong><\/div><\/div><\/div><div class=\"fusion-column content-box-column content-box-column-3 col-lg-4 col-md-4 col-sm-4\"><div class=\"col content-wrapper\"><div class=\"heading icon-left\"><\/div><div class=\"fusion-clearfix\"><\/div><div class=\"content-container\"><img loading=\"lazy\" decoding=\"async\" class=\"aligncenter  wp-image-598\" src=\"http:\/\/diamond-shield-zapper.com\/wp-content\/uploads\/2014\/12\/ooopsBallance1-210x300.jpg\" alt=\"Lograr el equilibro con el Zapper\" width=\"126\" height=\"180\" srcset=\"http:\/\/diamond-shield-zapper.com\/wp-content\/uploads\/2014\/12\/ooopsBallance1-210x300.jpg 210w, http:\/\/diamond-shield-zapper.com\/wp-content\/uploads\/2014\/12\/ooopsBallance1.jpg 500w\" sizes=\"auto, (max-width: 126px) 100vw, 126px\" \/><\/div><\/div><\/div><div class=\"fusion-clearfix\"><\/div><div class=\"fusion-clearfix\"><\/div><\/div><div class=\"share-box fusion-sharing-box\"><h4 class=\"tagline\">Compartir art\u00edculo:<\/h4><div class=\"fusion-social-networks\"><a class=\"fusion-social-network-icon fusion-tooltip fusion- fusion-icon-\" target=\"_self\" data-toggle=\"tooltip\"><\/a><\/div><\/div>\n","protected":false},"excerpt":{"rendered":"","protected":false},"author":2,"featured_media":0,"parent":0,"menu_order":0,"comment_status":"closed","ping_status":"open","template":"","meta":{"_mi_skip_tracking":false,"footnotes":""},"class_list":["post-1974","page","type-page","status-publish","hentry","no-post-thumbnail"],"yoast_head":"<!-- This site is optimized with the Yoast SEO plugin v24.9 - https:\/\/yoast.com\/wordpress\/plugins\/seo\/ -->\n<title>Diamond Shield: el escudo protector - Diamond Shield Zapper<\/title>\n<meta name=\"description\" content=\"Una de las funciones importantes del dispositivo Diamond Shield Zapper es que regenera y fortalece el escudo protector de diamante de nuestro cuerpo.\" \/>\n<meta name=\"robots\" content=\"noindex, follow, max-snippet:-1, max-image-preview:large, max-video-preview:-1\" \/>\n<meta property=\"og:locale\" content=\"es_ES\" \/>\n<meta property=\"og:type\" content=\"article\" \/>\n<meta property=\"og:title\" content=\"Diamond Shield: el escudo protector - Diamond Shield Zapper\" \/>\n<meta property=\"og:description\" content=\"Una de las funciones importantes del dispositivo Diamond Shield Zapper es que regenera y fortalece el escudo protector de diamante de nuestro cuerpo.\" \/>\n<meta property=\"og:url\" content=\"http:\/\/diamond-shield-zapper.com\/es\/diamond-shield-el-escudo-protector\/\" \/>\n<meta property=\"og:site_name\" content=\"Diamond Shield Zapper\" \/>\n<meta property=\"article:publisher\" content=\"https:\/\/www.facebook.com\/heilpraktiker.baklayan\/\" \/>\n<meta property=\"og:image\" content=\"http:\/\/diamond-shield-zapper.com\/wp-content\/uploads\/2014\/12\/ooopsSchutzschirm1-214x300.jpg\" \/>\n<meta name=\"twitter:label1\" content=\"Tiempo de lectura\" \/>\n\t<meta name=\"twitter:data1\" content=\"2 minutos\" \/>\n<script type=\"application\/ld+json\" class=\"yoast-schema-graph\">{\"@context\":\"https:\/\/schema.org\",\"@graph\":[{\"@type\":\"WebPage\",\"@id\":\"http:\/\/diamond-shield-zapper.com\/es\/diamond-shield-el-escudo-protector\/\",\"url\":\"http:\/\/diamond-shield-zapper.com\/es\/diamond-shield-el-escudo-protector\/\",\"name\":\"Diamond Shield: el escudo protector - Diamond Shield Zapper\",\"isPartOf\":{\"@id\":\"http:\/\/diamond-shield-zapper.com\/#website\"},\"primaryImageOfPage\":{\"@id\":\"http:\/\/diamond-shield-zapper.com\/es\/diamond-shield-el-escudo-protector\/#primaryimage\"},\"image\":{\"@id\":\"http:\/\/diamond-shield-zapper.com\/es\/diamond-shield-el-escudo-protector\/#primaryimage\"},\"thumbnailUrl\":\"http:\/\/diamond-shield-zapper.com\/wp-content\/uploads\/2014\/12\/ooopsSchutzschirm1-214x300.jpg\",\"datePublished\":\"2015-10-13T16:55:53+00:00\",\"description\":\"Una de las funciones importantes del dispositivo Diamond Shield Zapper es que regenera y fortalece el escudo protector de diamante de nuestro cuerpo.\",\"breadcrumb\":{\"@id\":\"http:\/\/diamond-shield-zapper.com\/es\/diamond-shield-el-escudo-protector\/#breadcrumb\"},\"inLanguage\":\"es\",\"potentialAction\":[{\"@type\":\"ReadAction\",\"target\":[\"http:\/\/diamond-shield-zapper.com\/es\/diamond-shield-el-escudo-protector\/\"]}]},{\"@type\":\"ImageObject\",\"inLanguage\":\"es\",\"@id\":\"http:\/\/diamond-shield-zapper.com\/es\/diamond-shield-el-escudo-protector\/#primaryimage\",\"url\":\"http:\/\/diamond-shield-zapper.com\/wp-content\/uploads\/2014\/12\/ooopsSchutzschirm1-214x300.jpg\",\"contentUrl\":\"http:\/\/diamond-shield-zapper.com\/wp-content\/uploads\/2014\/12\/ooopsSchutzschirm1-214x300.jpg\"},{\"@type\":\"BreadcrumbList\",\"@id\":\"http:\/\/diamond-shield-zapper.com\/es\/diamond-shield-el-escudo-protector\/#breadcrumb\",\"itemListElement\":[{\"@type\":\"ListItem\",\"position\":1,\"name\":\"Home\",\"item\":\"http:\/\/diamond-shield-zapper.com\/es\/\"},{\"@type\":\"ListItem\",\"position\":2,\"name\":\"Diamond Shield: el escudo protector\"}]},{\"@type\":\"WebSite\",\"@id\":\"http:\/\/diamond-shield-zapper.com\/#website\",\"url\":\"http:\/\/diamond-shield-zapper.com\/\",\"name\":\"Diamond Shield Zapper\",\"description\":\"einfach nur Zappen war gestern\",\"potentialAction\":[{\"@type\":\"SearchAction\",\"target\":{\"@type\":\"EntryPoint\",\"urlTemplate\":\"http:\/\/diamond-shield-zapper.com\/?s={search_term_string}\"},\"query-input\":{\"@type\":\"PropertyValueSpecification\",\"valueRequired\":true,\"valueName\":\"search_term_string\"}}],\"inLanguage\":\"es\"}]}<\/script>\n<!-- \/ Yoast SEO plugin. -->","yoast_head_json":{"title":"Diamond Shield: el escudo protector - Diamond Shield Zapper","description":"Una de las funciones importantes del dispositivo Diamond Shield Zapper es que regenera y fortalece el escudo protector de diamante de nuestro cuerpo.","robots":{"index":"noindex","follow":"follow","max-snippet":"max-snippet:-1","max-image-preview":"max-image-preview:large","max-video-preview":"max-video-preview:-1"},"og_locale":"es_ES","og_type":"article","og_title":"Diamond Shield: el escudo protector - Diamond Shield Zapper","og_description":"Una de las funciones importantes del dispositivo Diamond Shield Zapper es que regenera y fortalece el escudo protector de diamante de nuestro cuerpo.","og_url":"http:\/\/diamond-shield-zapper.com\/es\/diamond-shield-el-escudo-protector\/","og_site_name":"Diamond Shield Zapper","article_publisher":"https:\/\/www.facebook.com\/heilpraktiker.baklayan\/","og_image":[{"url":"http:\/\/diamond-shield-zapper.com\/wp-content\/uploads\/2014\/12\/ooopsSchutzschirm1-214x300.jpg","type":"","width":"","height":""}],"twitter_misc":{"Tiempo de lectura":"2 minutos"},"schema":{"@context":"https:\/\/schema.org","@graph":[{"@type":"WebPage","@id":"http:\/\/diamond-shield-zapper.com\/es\/diamond-shield-el-escudo-protector\/","url":"http:\/\/diamond-shield-zapper.com\/es\/diamond-shield-el-escudo-protector\/","name":"Diamond Shield: el escudo protector - Diamond Shield Zapper","isPartOf":{"@id":"http:\/\/diamond-shield-zapper.com\/#website"},"primaryImageOfPage":{"@id":"http:\/\/diamond-shield-zapper.com\/es\/diamond-shield-el-escudo-protector\/#primaryimage"},"image":{"@id":"http:\/\/diamond-shield-zapper.com\/es\/diamond-shield-el-escudo-protector\/#primaryimage"},"thumbnailUrl":"http:\/\/diamond-shield-zapper.com\/wp-content\/uploads\/2014\/12\/ooopsSchutzschirm1-214x300.jpg","datePublished":"2015-10-13T16:55:53+00:00","description":"Una de las funciones importantes del dispositivo Diamond Shield Zapper es que regenera y fortalece el escudo protector de diamante de nuestro cuerpo.","breadcrumb":{"@id":"http:\/\/diamond-shield-zapper.com\/es\/diamond-shield-el-escudo-protector\/#breadcrumb"},"inLanguage":"es","potentialAction":[{"@type":"ReadAction","target":["http:\/\/diamond-shield-zapper.com\/es\/diamond-shield-el-escudo-protector\/"]}]},{"@type":"ImageObject","inLanguage":"es","@id":"http:\/\/diamond-shield-zapper.com\/es\/diamond-shield-el-escudo-protector\/#primaryimage","url":"http:\/\/diamond-shield-zapper.com\/wp-content\/uploads\/2014\/12\/ooopsSchutzschirm1-214x300.jpg","contentUrl":"http:\/\/diamond-shield-zapper.com\/wp-content\/uploads\/2014\/12\/ooopsSchutzschirm1-214x300.jpg"},{"@type":"BreadcrumbList","@id":"http:\/\/diamond-shield-zapper.com\/es\/diamond-shield-el-escudo-protector\/#breadcrumb","itemListElement":[{"@type":"ListItem","position":1,"name":"Home","item":"http:\/\/diamond-shield-zapper.com\/es\/"},{"@type":"ListItem","position":2,"name":"Diamond Shield: el escudo protector"}]},{"@type":"WebSite","@id":"http:\/\/diamond-shield-zapper.com\/#website","url":"http:\/\/diamond-shield-zapper.com\/","name":"Diamond Shield Zapper","description":"einfach nur Zappen war gestern","potentialAction":[{"@type":"SearchAction","target":{"@type":"EntryPoint","urlTemplate":"http:\/\/diamond-shield-zapper.com\/?s={search_term_string}"},"query-input":{"@type":"PropertyValueSpecification","valueRequired":true,"valueName":"search_term_string"}}],"inLanguage":"es"}]}},"_links":{"self":[{"href":"http:\/\/diamond-shield-zapper.com\/es\/wp-json\/wp\/v2\/pages\/1974","targetHints":{"allow":["GET"]}}],"collection":[{"href":"http:\/\/diamond-shield-zapper.com\/es\/wp-json\/wp\/v2\/pages"}],"about":[{"href":"http:\/\/diamond-shield-zapper.com\/es\/wp-json\/wp\/v2\/types\/page"}],"author":[{"embeddable":true,"href":"http:\/\/diamond-shield-zapper.com\/es\/wp-json\/wp\/v2\/users\/2"}],"replies":[{"embeddable":true,"href":"http:\/\/diamond-shield-zapper.com\/es\/wp-json\/wp\/v2\/comments?post=1974"}],"version-history":[{"count":0,"href":"http:\/\/diamond-shield-zapper.com\/es\/wp-json\/wp\/v2\/pages\/1974\/revisions"}],"wp:attachment":[{"href":"http:\/\/diamond-shield-zapper.com\/es\/wp-json\/wp\/v2\/media?parent=1974"}],"curies":[{"name":"wp","href":"https:\/\/api.w.org\/{rel}","templated":true}]}}