{"id":1981,"date":"2015-10-14T17:49:00","date_gmt":"2015-10-14T17:49:00","guid":{"rendered":"http:\/\/diamond-shield-zapper.com\/autocuracion-suave-con-vibraciones-armonicas\/"},"modified":"2015-10-14T17:49:00","modified_gmt":"2015-10-14T17:49:00","slug":"autocuracion-suave-con-vibraciones-armonicas","status":"publish","type":"page","link":"http:\/\/diamond-shield-zapper.com\/es\/autocuracion-suave-con-vibraciones-armonicas\/","title":{"rendered":"Autocuraci\u00f3n suave con vibraciones arm\u00f3nicas"},"content":{"rendered":"<div class=\"fusion-fullwidth fullwidth-box fusion-fullwidth-1  fusion-parallax-none\" style=\"border-bottom-width: 0px;border-top-width: 0px;border-bottom-style: solid;border-top-style: solid;padding-bottom:20px;padding-left:0px;padding-right:0px;padding-top:20px;background-position:left top;background-repeat:no-repeat;-webkit-background-size:cover;-moz-background-size:cover;-o-background-size:cover;background-size:cover;\"><style type=\"text\/css\" scoped=\"scoped\">.fusion-fullwidth-1 {\n\t\t\t\t\t\t\tpadding-left: 0px !important;\n\t\t\t\t\t\t\tpadding-right: 0px !important;\n\t\t\t\t\t\t}<\/style><div class=\"fusion-row\"><div class=\"fusion-title title fusion-title-size-two\"><h2 class=\"title-heading-left\">Autocuraci\u00f3n suave con vibraciones arm\u00f3nicas<\/h2><div class=\"title-sep-container\"><div class=\"title-sep sep-single\"><\/div><\/div><\/div><div class=\"fusion-two-third fusion-layout-column fusion-spacing-yes\" style=\"margin-top:;margin-bottom:;\"><div class=\"fusion-column-wrapper\"><p>Aqu\u00ed podr\u00e1 leer un extracto de la nueva obra <strong>&#8220;Autocuraci\u00f3n suave con vibraciones arm\u00f3nicas: libro basado en la pr\u00e1ctica&#8221;<\/strong> de Alan E. Baklayan. El libro fue publicado en verano de 2015.<\/p>\n<p>En este libro, el natur\u00f3pata profesional Baklayan describe casos de pacientes que lograron una calidad de vida considerablemente superior gracias a la autoterapia con el Zapper y se propone tratar la mayor cantidad posible de enfermedades y presentar una amplia variedad de formas de autoayuda.<\/p>\n<p>Incluso aquellos pacientes que, por motivos econ\u00f3micos o geogr\u00e1ficos, no pueden asistir regularmente a la consulta de su m\u00e9dico de confianza, tendr\u00e1n la posibilidad, por no decir la obligaci\u00f3n, de hacer algo por si mismos.<\/p>\n<p>En este libro basado en la pr\u00e1ctica, el natur\u00f3pata profesional se propone demostrar que este tipo de terapia puede producir resultados esperanzadores y que no se trata, en absoluto, de ninguna fantas\u00eda.<\/p>\n<h3>Fragmento:<\/h3>\n<p>Aqu\u00ed podr\u00e1 leer los fragmentos 3 y 4 publicados recientemente. Como la fecha de publicaci\u00f3n est\u00e1 cada vez m\u00e1s cerca, hemos seleccionado los dos primeros cap\u00edtulos. Gracias a la breve demora en el plazo de publicaci\u00f3n el autor Autor Alan E. Baklayan tuvo la posibilidad de ampliar el contenido y, entre otros, a\u00f1adir el cap\u00edtulo\u00a0&#8220;Brucelosis y virus de Epstein-Barr.<\/p>\n<\/div><\/div><div class=\"fusion-one-third one_third fusion-layout-column fusion-column-last fusion-spacing-yes\" style=\"margin-top:;margin-bottom:;\"><div class=\"fusion-column-wrapper\"><span class=\"fusion-imageframe imageframe-dropshadow imageframe-1\"><img decoding=\"async\" src=\"http:\/\/diamond-shield-zapper.com\/wp-content\/uploads\/2015\/03\/Sanfte-Selbstheilung_200x267.png\" alt=\"Fragmento \" class=\"img-responsive\" style=\"-moz-box-shadow: 2px 3px 7px rgba(0,0,0,.3);-webkit-box-shadow: 2px 3px 7px rgba(0,0,0,.3);box-shadow: 2px 3px 7px rgba(0,0,0,.3);\"\/><\/span><\/div><\/div><div class=\"fusion-clearfix\"><\/div><div class=\"fusion-one-fourth fusion-layout-column fusion-spacing-yes\" style=\"margin-top:;margin-bottom:;\"><div class=\"fusion-column-wrapper\"><a  class=\"x-btn x-btn-3d x-btn-square x-btn-medium\"  href=\"#\"     data-options=\"thumbnail: ''\">Ir al fragmento 3<\/a><\/div><\/div><div class=\"fusion-one-fourth fusion-layout-column fusion-column-last fusion-spacing-yes\" style=\"margin-top:;margin-bottom:;\"><div class=\"fusion-column-wrapper\"><a  class=\"x-btn x-btn-3d x-btn-square x-btn-medium\"  href=\"#\"     data-options=\"thumbnail: ''\">Ir al fragmento 4<\/a><\/div><\/div><div class=\"fusion-clearfix\"><\/div><\/div><\/div>\n","protected":false},"excerpt":{"rendered":"","protected":false},"author":1,"featured_media":0,"parent":0,"menu_order":0,"comment_status":"closed","ping_status":"open","template":"","meta":{"_mi_skip_tracking":false,"footnotes":""},"class_list":["post-1981","page","type-page","status-publish","hentry","no-post-thumbnail"],"yoast_head":"<!-- This site is optimized with the Yoast SEO plugin v24.9 - https:\/\/yoast.com\/wordpress\/plugins\/seo\/ -->\n<title>Autocuraci\u00f3n suave con vibraciones arm\u00f3nicas<\/title>\n<meta name=\"description\" content=\"La nueva obra de Alan E. Baklayan fue publicada en verano de 2015 y lleva por t\u00edtulo Autocuraci\u00f3n suave con vibraciones arm\u00f3nicas. Un libro basado en la pr\u00e1ctica.\" \/>\n<meta name=\"robots\" content=\"noindex, follow, max-snippet:-1, max-image-preview:large, max-video-preview:-1\" \/>\n<meta property=\"og:locale\" content=\"es_ES\" \/>\n<meta property=\"og:type\" content=\"article\" \/>\n<meta property=\"og:title\" content=\"Autocuraci\u00f3n suave con vibraciones arm\u00f3nicas\" \/>\n<meta property=\"og:description\" content=\"La nueva obra de Alan E. Baklayan fue publicada en verano de 2015 y lleva por t\u00edtulo Autocuraci\u00f3n suave con vibraciones arm\u00f3nicas. Un libro basado en la pr\u00e1ctica.\" \/>\n<meta property=\"og:url\" content=\"http:\/\/diamond-shield-zapper.com\/es\/autocuracion-suave-con-vibraciones-armonicas\/\" \/>\n<meta property=\"og:site_name\" content=\"Diamond Shield Zapper\" \/>\n<meta property=\"article:publisher\" content=\"https:\/\/www.facebook.com\/heilpraktiker.baklayan\/\" \/>\n<meta property=\"og:image\" content=\"http:\/\/diamond-shield-zapper.com\/wp-content\/uploads\/2015\/03\/Sanfte-Selbstheilung_200x267.png\" \/>\n<meta name=\"twitter:label1\" content=\"Tiempo de lectura\" \/>\n\t<meta name=\"twitter:data1\" content=\"3 minutos\" \/>\n<script type=\"application\/ld+json\" class=\"yoast-schema-graph\">{\"@context\":\"https:\/\/schema.org\",\"@graph\":[{\"@type\":\"WebPage\",\"@id\":\"http:\/\/diamond-shield-zapper.com\/es\/autocuracion-suave-con-vibraciones-armonicas\/\",\"url\":\"http:\/\/diamond-shield-zapper.com\/es\/autocuracion-suave-con-vibraciones-armonicas\/\",\"name\":\"Autocuraci\u00f3n suave con vibraciones arm\u00f3nicas\",\"isPartOf\":{\"@id\":\"http:\/\/diamond-shield-zapper.com\/#website\"},\"primaryImageOfPage\":{\"@id\":\"http:\/\/diamond-shield-zapper.com\/es\/autocuracion-suave-con-vibraciones-armonicas\/#primaryimage\"},\"image\":{\"@id\":\"http:\/\/diamond-shield-zapper.com\/es\/autocuracion-suave-con-vibraciones-armonicas\/#primaryimage\"},\"thumbnailUrl\":\"http:\/\/diamond-shield-zapper.com\/wp-content\/uploads\/2015\/03\/Sanfte-Selbstheilung_200x267.png\",\"datePublished\":\"2015-10-14T17:49:00+00:00\",\"description\":\"La nueva obra de Alan E. Baklayan fue publicada en verano de 2015 y lleva por t\u00edtulo Autocuraci\u00f3n suave con vibraciones arm\u00f3nicas. Un libro basado en la pr\u00e1ctica.\",\"breadcrumb\":{\"@id\":\"http:\/\/diamond-shield-zapper.com\/es\/autocuracion-suave-con-vibraciones-armonicas\/#breadcrumb\"},\"inLanguage\":\"es\",\"potentialAction\":[{\"@type\":\"ReadAction\",\"target\":[\"http:\/\/diamond-shield-zapper.com\/es\/autocuracion-suave-con-vibraciones-armonicas\/\"]}]},{\"@type\":\"ImageObject\",\"inLanguage\":\"es\",\"@id\":\"http:\/\/diamond-shield-zapper.com\/es\/autocuracion-suave-con-vibraciones-armonicas\/#primaryimage\",\"url\":\"http:\/\/diamond-shield-zapper.com\/wp-content\/uploads\/2015\/03\/Sanfte-Selbstheilung_200x267.png\",\"contentUrl\":\"http:\/\/diamond-shield-zapper.com\/wp-content\/uploads\/2015\/03\/Sanfte-Selbstheilung_200x267.png\"},{\"@type\":\"BreadcrumbList\",\"@id\":\"http:\/\/diamond-shield-zapper.com\/es\/autocuracion-suave-con-vibraciones-armonicas\/#breadcrumb\",\"itemListElement\":[{\"@type\":\"ListItem\",\"position\":1,\"name\":\"Home\",\"item\":\"http:\/\/diamond-shield-zapper.com\/es\/\"},{\"@type\":\"ListItem\",\"position\":2,\"name\":\"Autocuraci\u00f3n suave con vibraciones arm\u00f3nicas\"}]},{\"@type\":\"WebSite\",\"@id\":\"http:\/\/diamond-shield-zapper.com\/#website\",\"url\":\"http:\/\/diamond-shield-zapper.com\/\",\"name\":\"Diamond Shield Zapper\",\"description\":\"einfach nur Zappen war gestern\",\"potentialAction\":[{\"@type\":\"SearchAction\",\"target\":{\"@type\":\"EntryPoint\",\"urlTemplate\":\"http:\/\/diamond-shield-zapper.com\/?s={search_term_string}\"},\"query-input\":{\"@type\":\"PropertyValueSpecification\",\"valueRequired\":true,\"valueName\":\"search_term_string\"}}],\"inLanguage\":\"es\"}]}<\/script>\n<!-- \/ Yoast SEO plugin. -->","yoast_head_json":{"title":"Autocuraci\u00f3n suave con vibraciones arm\u00f3nicas","description":"La nueva obra de Alan E. Baklayan fue publicada en verano de 2015 y lleva por t\u00edtulo Autocuraci\u00f3n suave con vibraciones arm\u00f3nicas. Un libro basado en la pr\u00e1ctica.","robots":{"index":"noindex","follow":"follow","max-snippet":"max-snippet:-1","max-image-preview":"max-image-preview:large","max-video-preview":"max-video-preview:-1"},"og_locale":"es_ES","og_type":"article","og_title":"Autocuraci\u00f3n suave con vibraciones arm\u00f3nicas","og_description":"La nueva obra de Alan E. Baklayan fue publicada en verano de 2015 y lleva por t\u00edtulo Autocuraci\u00f3n suave con vibraciones arm\u00f3nicas. Un libro basado en la pr\u00e1ctica.","og_url":"http:\/\/diamond-shield-zapper.com\/es\/autocuracion-suave-con-vibraciones-armonicas\/","og_site_name":"Diamond Shield Zapper","article_publisher":"https:\/\/www.facebook.com\/heilpraktiker.baklayan\/","og_image":[{"url":"http:\/\/diamond-shield-zapper.com\/wp-content\/uploads\/2015\/03\/Sanfte-Selbstheilung_200x267.png","type":"","width":"","height":""}],"twitter_misc":{"Tiempo de lectura":"3 minutos"},"schema":{"@context":"https:\/\/schema.org","@graph":[{"@type":"WebPage","@id":"http:\/\/diamond-shield-zapper.com\/es\/autocuracion-suave-con-vibraciones-armonicas\/","url":"http:\/\/diamond-shield-zapper.com\/es\/autocuracion-suave-con-vibraciones-armonicas\/","name":"Autocuraci\u00f3n suave con vibraciones arm\u00f3nicas","isPartOf":{"@id":"http:\/\/diamond-shield-zapper.com\/#website"},"primaryImageOfPage":{"@id":"http:\/\/diamond-shield-zapper.com\/es\/autocuracion-suave-con-vibraciones-armonicas\/#primaryimage"},"image":{"@id":"http:\/\/diamond-shield-zapper.com\/es\/autocuracion-suave-con-vibraciones-armonicas\/#primaryimage"},"thumbnailUrl":"http:\/\/diamond-shield-zapper.com\/wp-content\/uploads\/2015\/03\/Sanfte-Selbstheilung_200x267.png","datePublished":"2015-10-14T17:49:00+00:00","description":"La nueva obra de Alan E. Baklayan fue publicada en verano de 2015 y lleva por t\u00edtulo Autocuraci\u00f3n suave con vibraciones arm\u00f3nicas. Un libro basado en la pr\u00e1ctica.","breadcrumb":{"@id":"http:\/\/diamond-shield-zapper.com\/es\/autocuracion-suave-con-vibraciones-armonicas\/#breadcrumb"},"inLanguage":"es","potentialAction":[{"@type":"ReadAction","target":["http:\/\/diamond-shield-zapper.com\/es\/autocuracion-suave-con-vibraciones-armonicas\/"]}]},{"@type":"ImageObject","inLanguage":"es","@id":"http:\/\/diamond-shield-zapper.com\/es\/autocuracion-suave-con-vibraciones-armonicas\/#primaryimage","url":"http:\/\/diamond-shield-zapper.com\/wp-content\/uploads\/2015\/03\/Sanfte-Selbstheilung_200x267.png","contentUrl":"http:\/\/diamond-shield-zapper.com\/wp-content\/uploads\/2015\/03\/Sanfte-Selbstheilung_200x267.png"},{"@type":"BreadcrumbList","@id":"http:\/\/diamond-shield-zapper.com\/es\/autocuracion-suave-con-vibraciones-armonicas\/#breadcrumb","itemListElement":[{"@type":"ListItem","position":1,"name":"Home","item":"http:\/\/diamond-shield-zapper.com\/es\/"},{"@type":"ListItem","position":2,"name":"Autocuraci\u00f3n suave con vibraciones arm\u00f3nicas"}]},{"@type":"WebSite","@id":"http:\/\/diamond-shield-zapper.com\/#website","url":"http:\/\/diamond-shield-zapper.com\/","name":"Diamond Shield Zapper","description":"einfach nur Zappen war gestern","potentialAction":[{"@type":"SearchAction","target":{"@type":"EntryPoint","urlTemplate":"http:\/\/diamond-shield-zapper.com\/?s={search_term_string}"},"query-input":{"@type":"PropertyValueSpecification","valueRequired":true,"valueName":"search_term_string"}}],"inLanguage":"es"}]}},"_links":{"self":[{"href":"http:\/\/diamond-shield-zapper.com\/es\/wp-json\/wp\/v2\/pages\/1981","targetHints":{"allow":["GET"]}}],"collection":[{"href":"http:\/\/diamond-shield-zapper.com\/es\/wp-json\/wp\/v2\/pages"}],"about":[{"href":"http:\/\/diamond-shield-zapper.com\/es\/wp-json\/wp\/v2\/types\/page"}],"author":[{"embeddable":true,"href":"http:\/\/diamond-shield-zapper.com\/es\/wp-json\/wp\/v2\/users\/1"}],"replies":[{"embeddable":true,"href":"http:\/\/diamond-shield-zapper.com\/es\/wp-json\/wp\/v2\/comments?post=1981"}],"version-history":[{"count":0,"href":"http:\/\/diamond-shield-zapper.com\/es\/wp-json\/wp\/v2\/pages\/1981\/revisions"}],"wp:attachment":[{"href":"http:\/\/diamond-shield-zapper.com\/es\/wp-json\/wp\/v2\/media?parent=1981"}],"curies":[{"name":"wp","href":"https:\/\/api.w.org\/{rel}","templated":true}]}}