{"id":1984,"date":"2015-10-15T16:33:37","date_gmt":"2015-10-15T16:33:37","guid":{"rendered":"http:\/\/diamond-shield-zapper.com\/para-que-necesito-la-regulacion-de-corriente-constante\/"},"modified":"2015-10-15T16:33:37","modified_gmt":"2015-10-15T16:33:37","slug":"para-que-necesito-la-regulacion-de-corriente-constante","status":"publish","type":"page","link":"http:\/\/diamond-shield-zapper.com\/es\/para-que-necesito-la-regulacion-de-corriente-constante\/","title":{"rendered":"\u00bfPara qu\u00e9 necesito la regulaci\u00f3n de corriente constante?"},"content":{"rendered":"<h1>El dispositivo Diamond Shield Zapper tiene un sistema autom\u00e1tico de ajuste de corriente<\/h1>\n<p>Para los que no est\u00e1n versados en aspectos t\u00e9cnicos:<br \/>\nTodos los Zapper existentes en el mercado miden en voltios la tensi\u00f3n con la que funciona la aplicaci\u00f3n.<\/p>\n<hr \/>\n<p><strong>El problema de ello es:\u00a0\u00a0<\/strong><br \/>\n<strong>El voltaje depende en gran medida de la resistencia de la piel, es decir, en la humedad y conductividad individual de cada persona y de la humidificaci\u00f3n de los electrodos.<\/strong><\/p>\n<hr \/>\n<p>Al cabo de unos minutos los electrodos y las manos suelen secarse o, por el contrario, el paciente comienza a sudar. La diferencia entre el comienzo y el desarrollo de la aplicaci\u00f3n no es insignificante. \u00a1La diferencia puede ser de varios voltios!\u00a0 El voltaje adecuado definido inicialmente, <strong>no se mantendr\u00e1<\/strong>. Comienza con 8 voltios y no se da cuenta de que al cabo de varios minutos el voltaje aplicado es de solo 3 voltios o menos\u2026 Si trabaja con intensidades d\u00e9biles como, por ejemplo, en el intervalo de 1,5 voltios, podr\u00eda darse el caso de que al cabo de varios minutos <strong>deje de circular la corriente<\/strong>. Esta suele ser la explicaci\u00f3n de por qu\u00e9 <strong>no le funcionan<\/strong> las <strong>frecuencias adecuadas<\/strong> y <strong>las tarjetas de memoria<\/strong>.<\/p>\n<p><strong>Y ahora la sensaci\u00f3n:<img loading=\"lazy\" decoding=\"async\" class=\"alignright size-medium wp-image-334\" src=\"http:\/\/diamond-shield-zapper.com\/wp-content\/uploads\/2014\/12\/konstantstrom2-300x185.png\" alt=\"Corriente constante\" width=\"300\" height=\"185\" srcset=\"http:\/\/diamond-shield-zapper.com\/wp-content\/uploads\/2014\/12\/konstantstrom2-300x185.png 300w, http:\/\/diamond-shield-zapper.com\/wp-content\/uploads\/2014\/12\/konstantstrom2-120x74.png 120w, http:\/\/diamond-shield-zapper.com\/wp-content\/uploads\/2014\/12\/konstantstrom2.png 312w\" sizes=\"auto, (max-width: 300px) 100vw, 300px\" \/><\/strong> <strong>En el dispositivo Diamond Shield el flujo de corriente se regula en amperios y no en voltios.<\/strong><\/p>\n<p>Si, por ejemplo, ajusta el dispositivo 30 miliamperios, el flujo de corriente se mantendr\u00e1 constante, independientemente de que la piel o los electrodos se vayan secando o mojando durante el proceso. Adem\u00e1s, podr\u00e1 mirar en la pantalla como va cambiando el voltaje <strong>(adaptaci\u00f3n autom\u00e1ticas)<\/strong> mientras el flujo de corriente (indicado en amperios) permanece constante.<br \/>\nPor consiguiente, se garantiza el \u00e9xito de la aplicaci\u00f3n.<\/p>\n<p><strong><\/p>\n<ul class=\"fusion-checklist fusion-checklist-1\" style=\"font-size:13px;line-height:22.1px;\"><li class=\"fusion-li-item\"><span style=\"background-color:#81d742;font-size:11.44px;height:22.1px;width:22.1px;margin-right:9.1px;\" class=\"icon-wrapper circle-yes\"><i class=\"fusion-li-icon fa fa-star-o\" style=\"color:#ffffff;\"><\/i><\/span><div class=\"fusion-li-item-content\" style=\"margin-left:31.2px;\">\u00a1La revoluci\u00f3n en la tecnolog\u00eda del Zapper!<\/div><\/li><\/ul><\/strong><div class=\"share-box fusion-sharing-box\"><h4 class=\"tagline\">Compartir art\u00edculo:<\/h4><div class=\"fusion-social-networks\"><a class=\"fusion-social-network-icon fusion-tooltip fusion- fusion-icon-\" target=\"_self\" data-toggle=\"tooltip\"><\/a><\/div><\/div>\n","protected":false},"excerpt":{"rendered":"","protected":false},"author":2,"featured_media":0,"parent":0,"menu_order":0,"comment_status":"closed","ping_status":"open","template":"","meta":{"_mi_skip_tracking":false,"footnotes":""},"class_list":["post-1984","page","type-page","status-publish","hentry","no-post-thumbnail"],"yoast_head":"<!-- This site is optimized with the Yoast SEO plugin v24.9 - https:\/\/yoast.com\/wordpress\/plugins\/seo\/ -->\n<title>\u00bfPara qu\u00e9 necesito la regulaci\u00f3n de corriente constante? - Diamond Shield Zapper<\/title>\n<meta name=\"description\" content=\"\u00a1En el dispositivo Diamond Shield el flujo de corriente se mide en amperios y no en voltios! As\u00ed se marca una gran diferencia en el manejo.\" \/>\n<meta name=\"robots\" content=\"noindex, follow, max-snippet:-1, max-image-preview:large, max-video-preview:-1\" \/>\n<meta property=\"og:locale\" content=\"es_ES\" \/>\n<meta property=\"og:type\" content=\"article\" \/>\n<meta property=\"og:title\" content=\"\u00bfPara qu\u00e9 necesito la regulaci\u00f3n de corriente constante? - Diamond Shield Zapper\" \/>\n<meta property=\"og:description\" content=\"\u00a1En el dispositivo Diamond Shield el flujo de corriente se mide en amperios y no en voltios! As\u00ed se marca una gran diferencia en el manejo.\" \/>\n<meta property=\"og:url\" content=\"http:\/\/diamond-shield-zapper.com\/es\/para-que-necesito-la-regulacion-de-corriente-constante\/\" \/>\n<meta property=\"og:site_name\" content=\"Diamond Shield Zapper\" \/>\n<meta property=\"article:publisher\" content=\"https:\/\/www.facebook.com\/heilpraktiker.baklayan\/\" \/>\n<meta property=\"og:image\" content=\"http:\/\/diamond-shield-zapper.com\/wp-content\/uploads\/2014\/12\/konstantstrom2-300x185.png\" \/>\n<meta name=\"twitter:label1\" content=\"Tiempo de lectura\" \/>\n\t<meta name=\"twitter:data1\" content=\"2 minutos\" \/>\n<script type=\"application\/ld+json\" class=\"yoast-schema-graph\">{\"@context\":\"https:\/\/schema.org\",\"@graph\":[{\"@type\":\"WebPage\",\"@id\":\"http:\/\/diamond-shield-zapper.com\/es\/para-que-necesito-la-regulacion-de-corriente-constante\/\",\"url\":\"http:\/\/diamond-shield-zapper.com\/es\/para-que-necesito-la-regulacion-de-corriente-constante\/\",\"name\":\"\u00bfPara qu\u00e9 necesito la regulaci\u00f3n de corriente constante? - Diamond Shield Zapper\",\"isPartOf\":{\"@id\":\"http:\/\/diamond-shield-zapper.com\/#website\"},\"primaryImageOfPage\":{\"@id\":\"http:\/\/diamond-shield-zapper.com\/es\/para-que-necesito-la-regulacion-de-corriente-constante\/#primaryimage\"},\"image\":{\"@id\":\"http:\/\/diamond-shield-zapper.com\/es\/para-que-necesito-la-regulacion-de-corriente-constante\/#primaryimage\"},\"thumbnailUrl\":\"http:\/\/diamond-shield-zapper.com\/wp-content\/uploads\/2014\/12\/konstantstrom2-300x185.png\",\"datePublished\":\"2015-10-15T16:33:37+00:00\",\"description\":\"\u00a1En el dispositivo Diamond Shield el flujo de corriente se mide en amperios y no en voltios! As\u00ed se marca una gran diferencia en el manejo.\",\"breadcrumb\":{\"@id\":\"http:\/\/diamond-shield-zapper.com\/es\/para-que-necesito-la-regulacion-de-corriente-constante\/#breadcrumb\"},\"inLanguage\":\"es\",\"potentialAction\":[{\"@type\":\"ReadAction\",\"target\":[\"http:\/\/diamond-shield-zapper.com\/es\/para-que-necesito-la-regulacion-de-corriente-constante\/\"]}]},{\"@type\":\"ImageObject\",\"inLanguage\":\"es\",\"@id\":\"http:\/\/diamond-shield-zapper.com\/es\/para-que-necesito-la-regulacion-de-corriente-constante\/#primaryimage\",\"url\":\"http:\/\/diamond-shield-zapper.com\/wp-content\/uploads\/2014\/12\/konstantstrom2-300x185.png\",\"contentUrl\":\"http:\/\/diamond-shield-zapper.com\/wp-content\/uploads\/2014\/12\/konstantstrom2-300x185.png\"},{\"@type\":\"BreadcrumbList\",\"@id\":\"http:\/\/diamond-shield-zapper.com\/es\/para-que-necesito-la-regulacion-de-corriente-constante\/#breadcrumb\",\"itemListElement\":[{\"@type\":\"ListItem\",\"position\":1,\"name\":\"Home\",\"item\":\"http:\/\/diamond-shield-zapper.com\/es\/\"},{\"@type\":\"ListItem\",\"position\":2,\"name\":\"\u00bfPara qu\u00e9 necesito la regulaci\u00f3n de corriente constante?\"}]},{\"@type\":\"WebSite\",\"@id\":\"http:\/\/diamond-shield-zapper.com\/#website\",\"url\":\"http:\/\/diamond-shield-zapper.com\/\",\"name\":\"Diamond Shield Zapper\",\"description\":\"einfach nur Zappen war gestern\",\"potentialAction\":[{\"@type\":\"SearchAction\",\"target\":{\"@type\":\"EntryPoint\",\"urlTemplate\":\"http:\/\/diamond-shield-zapper.com\/?s={search_term_string}\"},\"query-input\":{\"@type\":\"PropertyValueSpecification\",\"valueRequired\":true,\"valueName\":\"search_term_string\"}}],\"inLanguage\":\"es\"}]}<\/script>\n<!-- \/ Yoast SEO plugin. -->","yoast_head_json":{"title":"\u00bfPara qu\u00e9 necesito la regulaci\u00f3n de corriente constante? - Diamond Shield Zapper","description":"\u00a1En el dispositivo Diamond Shield el flujo de corriente se mide en amperios y no en voltios! As\u00ed se marca una gran diferencia en el manejo.","robots":{"index":"noindex","follow":"follow","max-snippet":"max-snippet:-1","max-image-preview":"max-image-preview:large","max-video-preview":"max-video-preview:-1"},"og_locale":"es_ES","og_type":"article","og_title":"\u00bfPara qu\u00e9 necesito la regulaci\u00f3n de corriente constante? - Diamond Shield Zapper","og_description":"\u00a1En el dispositivo Diamond Shield el flujo de corriente se mide en amperios y no en voltios! As\u00ed se marca una gran diferencia en el manejo.","og_url":"http:\/\/diamond-shield-zapper.com\/es\/para-que-necesito-la-regulacion-de-corriente-constante\/","og_site_name":"Diamond Shield Zapper","article_publisher":"https:\/\/www.facebook.com\/heilpraktiker.baklayan\/","og_image":[{"url":"http:\/\/diamond-shield-zapper.com\/wp-content\/uploads\/2014\/12\/konstantstrom2-300x185.png","type":"","width":"","height":""}],"twitter_misc":{"Tiempo de lectura":"2 minutos"},"schema":{"@context":"https:\/\/schema.org","@graph":[{"@type":"WebPage","@id":"http:\/\/diamond-shield-zapper.com\/es\/para-que-necesito-la-regulacion-de-corriente-constante\/","url":"http:\/\/diamond-shield-zapper.com\/es\/para-que-necesito-la-regulacion-de-corriente-constante\/","name":"\u00bfPara qu\u00e9 necesito la regulaci\u00f3n de corriente constante? - Diamond Shield Zapper","isPartOf":{"@id":"http:\/\/diamond-shield-zapper.com\/#website"},"primaryImageOfPage":{"@id":"http:\/\/diamond-shield-zapper.com\/es\/para-que-necesito-la-regulacion-de-corriente-constante\/#primaryimage"},"image":{"@id":"http:\/\/diamond-shield-zapper.com\/es\/para-que-necesito-la-regulacion-de-corriente-constante\/#primaryimage"},"thumbnailUrl":"http:\/\/diamond-shield-zapper.com\/wp-content\/uploads\/2014\/12\/konstantstrom2-300x185.png","datePublished":"2015-10-15T16:33:37+00:00","description":"\u00a1En el dispositivo Diamond Shield el flujo de corriente se mide en amperios y no en voltios! As\u00ed se marca una gran diferencia en el manejo.","breadcrumb":{"@id":"http:\/\/diamond-shield-zapper.com\/es\/para-que-necesito-la-regulacion-de-corriente-constante\/#breadcrumb"},"inLanguage":"es","potentialAction":[{"@type":"ReadAction","target":["http:\/\/diamond-shield-zapper.com\/es\/para-que-necesito-la-regulacion-de-corriente-constante\/"]}]},{"@type":"ImageObject","inLanguage":"es","@id":"http:\/\/diamond-shield-zapper.com\/es\/para-que-necesito-la-regulacion-de-corriente-constante\/#primaryimage","url":"http:\/\/diamond-shield-zapper.com\/wp-content\/uploads\/2014\/12\/konstantstrom2-300x185.png","contentUrl":"http:\/\/diamond-shield-zapper.com\/wp-content\/uploads\/2014\/12\/konstantstrom2-300x185.png"},{"@type":"BreadcrumbList","@id":"http:\/\/diamond-shield-zapper.com\/es\/para-que-necesito-la-regulacion-de-corriente-constante\/#breadcrumb","itemListElement":[{"@type":"ListItem","position":1,"name":"Home","item":"http:\/\/diamond-shield-zapper.com\/es\/"},{"@type":"ListItem","position":2,"name":"\u00bfPara qu\u00e9 necesito la regulaci\u00f3n de corriente constante?"}]},{"@type":"WebSite","@id":"http:\/\/diamond-shield-zapper.com\/#website","url":"http:\/\/diamond-shield-zapper.com\/","name":"Diamond Shield Zapper","description":"einfach nur Zappen war gestern","potentialAction":[{"@type":"SearchAction","target":{"@type":"EntryPoint","urlTemplate":"http:\/\/diamond-shield-zapper.com\/?s={search_term_string}"},"query-input":{"@type":"PropertyValueSpecification","valueRequired":true,"valueName":"search_term_string"}}],"inLanguage":"es"}]}},"_links":{"self":[{"href":"http:\/\/diamond-shield-zapper.com\/es\/wp-json\/wp\/v2\/pages\/1984","targetHints":{"allow":["GET"]}}],"collection":[{"href":"http:\/\/diamond-shield-zapper.com\/es\/wp-json\/wp\/v2\/pages"}],"about":[{"href":"http:\/\/diamond-shield-zapper.com\/es\/wp-json\/wp\/v2\/types\/page"}],"author":[{"embeddable":true,"href":"http:\/\/diamond-shield-zapper.com\/es\/wp-json\/wp\/v2\/users\/2"}],"replies":[{"embeddable":true,"href":"http:\/\/diamond-shield-zapper.com\/es\/wp-json\/wp\/v2\/comments?post=1984"}],"version-history":[{"count":0,"href":"http:\/\/diamond-shield-zapper.com\/es\/wp-json\/wp\/v2\/pages\/1984\/revisions"}],"wp:attachment":[{"href":"http:\/\/diamond-shield-zapper.com\/es\/wp-json\/wp\/v2\/media?parent=1984"}],"curies":[{"name":"wp","href":"https:\/\/api.w.org\/{rel}","templated":true}]}}