{"id":1996,"date":"2015-10-18T17:01:06","date_gmt":"2015-10-18T17:01:06","guid":{"rendered":"http:\/\/diamond-shield-zapper.com\/que-es-la-vibracion\/"},"modified":"2015-10-18T17:01:06","modified_gmt":"2015-10-18T17:01:06","slug":"que-es-la-vibracion","status":"publish","type":"page","link":"http:\/\/diamond-shield-zapper.com\/es\/que-es-la-vibracion\/","title":{"rendered":"\u00bfQu\u00e9 es la vibraci\u00f3n?"},"content":{"rendered":"<div class=\"fusion-title title fusion-title-size-one\"><h1 class=\"title-heading-left\">El Diamond Shield Zapper puede vibrar<\/h1><div class=\"title-sep-container\"><div class=\"title-sep sep-single\"><\/div><\/div><\/div><p><img loading=\"lazy\" decoding=\"async\" class=\"alignright size-medium wp-image-590\" src=\"http:\/\/diamond-shield-zapper.com\/wp-content\/uploads\/2015\/01\/wobble-300x217.png\" alt=\"Vibraciones con el dispositivo Diamond Shield Zapper\" width=\"300\" height=\"217\" srcset=\"http:\/\/diamond-shield-zapper.com\/wp-content\/uploads\/2015\/01\/wobble-300x217.png 300w, http:\/\/diamond-shield-zapper.com\/wp-content\/uploads\/2015\/01\/wobble.png 763w\" sizes=\"auto, (max-width: 300px) 100vw, 300px\" \/><\/p>\n<ul class=\"fusion-checklist fusion-checklist-1\" style=\"font-size:13px;line-height:22.1px;\">\n<li class=\"fusion-li-item\"><span style=\"background-color:#81d742;font-size:11.44px;height:22.1px;width:22.1px;margin-right:9.1px;\" class=\"icon-wrapper circle-yes\"><i class=\"fusion-li-icon fa fa-star-o\" style=\"color:#ffffff;\"><\/i><\/span><div class=\"fusion-li-item-content\" style=\"margin-left:31.2px;\"><\/p>\n<p>Existen muchos usuarios que adem\u00e1s de controlar <strong>frecuencias individuales<\/strong>, desean tener la posibilidad de cubrir <strong>todo el espectro<\/strong>.<\/p>\n<p>Sobre todo si utiliza las frecuencias de la doctora Clark, es muy importante poder cubrir todo el espectro. Por \u00faltimo, si bien no menos importante, la <strong>tabla de vibraciones arm\u00f3nicas<\/strong> seg\u00fan Baklayan incluye todos los niveles y meridianos, por lo que el Zapper debe poder cubrirlos todos.<\/p>\n<p><\/div><\/li>\n<\/ul>\n<div class=\"share-box fusion-sharing-box\"><h4 class=\"tagline\">Compartir art\u00edculo:<\/h4><div class=\"fusion-social-networks\"><a class=\"fusion-social-network-icon fusion-tooltip fusion- fusion-icon-\" target=\"_self\" data-toggle=\"tooltip\"><\/a><\/div><\/div>\n","protected":false},"excerpt":{"rendered":"","protected":false},"author":1,"featured_media":0,"parent":0,"menu_order":0,"comment_status":"closed","ping_status":"closed","template":"","meta":{"_mi_skip_tracking":false,"footnotes":""},"class_list":["post-1996","page","type-page","status-publish","hentry","no-post-thumbnail"],"yoast_head":"<!-- This site is optimized with the Yoast SEO plugin v24.9 - https:\/\/yoast.com\/wordpress\/plugins\/seo\/ -->\n<title>\u00bfQu\u00e9 es la vibraci\u00f3n? - Diamond Shield Zapper<\/title>\n<meta name=\"description\" content=\"Adem\u00e1s de frecuencias individuales, el dispositivo Diamond Shield le permite controlar todo el espectro de frecuencias.\" \/>\n<meta name=\"robots\" content=\"noindex, follow, max-snippet:-1, max-image-preview:large, max-video-preview:-1\" \/>\n<meta property=\"og:locale\" content=\"es_ES\" \/>\n<meta property=\"og:type\" content=\"article\" \/>\n<meta property=\"og:title\" content=\"\u00bfQu\u00e9 es la vibraci\u00f3n? - Diamond Shield Zapper\" \/>\n<meta property=\"og:description\" content=\"Adem\u00e1s de frecuencias individuales, el dispositivo Diamond Shield le permite controlar todo el espectro de frecuencias.\" \/>\n<meta property=\"og:url\" content=\"http:\/\/diamond-shield-zapper.com\/es\/que-es-la-vibracion\/\" \/>\n<meta property=\"og:site_name\" content=\"Diamond Shield Zapper\" \/>\n<meta property=\"article:publisher\" content=\"https:\/\/www.facebook.com\/heilpraktiker.baklayan\/\" \/>\n<meta property=\"og:image\" content=\"http:\/\/diamond-shield-zapper.com\/wp-content\/uploads\/2015\/01\/wobble-300x217.png\" \/>\n<meta name=\"twitter:label1\" content=\"Tiempo de lectura\" \/>\n\t<meta name=\"twitter:data1\" content=\"1 minuto\" \/>\n<script type=\"application\/ld+json\" class=\"yoast-schema-graph\">{\"@context\":\"https:\/\/schema.org\",\"@graph\":[{\"@type\":\"WebPage\",\"@id\":\"http:\/\/diamond-shield-zapper.com\/es\/que-es-la-vibracion\/\",\"url\":\"http:\/\/diamond-shield-zapper.com\/es\/que-es-la-vibracion\/\",\"name\":\"\u00bfQu\u00e9 es la vibraci\u00f3n? - Diamond Shield Zapper\",\"isPartOf\":{\"@id\":\"http:\/\/diamond-shield-zapper.com\/#website\"},\"primaryImageOfPage\":{\"@id\":\"http:\/\/diamond-shield-zapper.com\/es\/que-es-la-vibracion\/#primaryimage\"},\"image\":{\"@id\":\"http:\/\/diamond-shield-zapper.com\/es\/que-es-la-vibracion\/#primaryimage\"},\"thumbnailUrl\":\"http:\/\/diamond-shield-zapper.com\/wp-content\/uploads\/2015\/01\/wobble-300x217.png\",\"datePublished\":\"2015-10-18T17:01:06+00:00\",\"description\":\"Adem\u00e1s de frecuencias individuales, el dispositivo Diamond Shield le permite controlar todo el espectro de frecuencias.\",\"breadcrumb\":{\"@id\":\"http:\/\/diamond-shield-zapper.com\/es\/que-es-la-vibracion\/#breadcrumb\"},\"inLanguage\":\"es\",\"potentialAction\":[{\"@type\":\"ReadAction\",\"target\":[\"http:\/\/diamond-shield-zapper.com\/es\/que-es-la-vibracion\/\"]}]},{\"@type\":\"ImageObject\",\"inLanguage\":\"es\",\"@id\":\"http:\/\/diamond-shield-zapper.com\/es\/que-es-la-vibracion\/#primaryimage\",\"url\":\"http:\/\/diamond-shield-zapper.com\/wp-content\/uploads\/2015\/01\/wobble-300x217.png\",\"contentUrl\":\"http:\/\/diamond-shield-zapper.com\/wp-content\/uploads\/2015\/01\/wobble-300x217.png\"},{\"@type\":\"BreadcrumbList\",\"@id\":\"http:\/\/diamond-shield-zapper.com\/es\/que-es-la-vibracion\/#breadcrumb\",\"itemListElement\":[{\"@type\":\"ListItem\",\"position\":1,\"name\":\"Home\",\"item\":\"http:\/\/diamond-shield-zapper.com\/es\/\"},{\"@type\":\"ListItem\",\"position\":2,\"name\":\"\u00bfQu\u00e9 es la vibraci\u00f3n?\"}]},{\"@type\":\"WebSite\",\"@id\":\"http:\/\/diamond-shield-zapper.com\/#website\",\"url\":\"http:\/\/diamond-shield-zapper.com\/\",\"name\":\"Diamond Shield Zapper\",\"description\":\"einfach nur Zappen war gestern\",\"potentialAction\":[{\"@type\":\"SearchAction\",\"target\":{\"@type\":\"EntryPoint\",\"urlTemplate\":\"http:\/\/diamond-shield-zapper.com\/?s={search_term_string}\"},\"query-input\":{\"@type\":\"PropertyValueSpecification\",\"valueRequired\":true,\"valueName\":\"search_term_string\"}}],\"inLanguage\":\"es\"}]}<\/script>\n<!-- \/ Yoast SEO plugin. -->","yoast_head_json":{"title":"\u00bfQu\u00e9 es la vibraci\u00f3n? - Diamond Shield Zapper","description":"Adem\u00e1s de frecuencias individuales, el dispositivo Diamond Shield le permite controlar todo el espectro de frecuencias.","robots":{"index":"noindex","follow":"follow","max-snippet":"max-snippet:-1","max-image-preview":"max-image-preview:large","max-video-preview":"max-video-preview:-1"},"og_locale":"es_ES","og_type":"article","og_title":"\u00bfQu\u00e9 es la vibraci\u00f3n? - Diamond Shield Zapper","og_description":"Adem\u00e1s de frecuencias individuales, el dispositivo Diamond Shield le permite controlar todo el espectro de frecuencias.","og_url":"http:\/\/diamond-shield-zapper.com\/es\/que-es-la-vibracion\/","og_site_name":"Diamond Shield Zapper","article_publisher":"https:\/\/www.facebook.com\/heilpraktiker.baklayan\/","og_image":[{"url":"http:\/\/diamond-shield-zapper.com\/wp-content\/uploads\/2015\/01\/wobble-300x217.png","type":"","width":"","height":""}],"twitter_misc":{"Tiempo de lectura":"1 minuto"},"schema":{"@context":"https:\/\/schema.org","@graph":[{"@type":"WebPage","@id":"http:\/\/diamond-shield-zapper.com\/es\/que-es-la-vibracion\/","url":"http:\/\/diamond-shield-zapper.com\/es\/que-es-la-vibracion\/","name":"\u00bfQu\u00e9 es la vibraci\u00f3n? - Diamond Shield Zapper","isPartOf":{"@id":"http:\/\/diamond-shield-zapper.com\/#website"},"primaryImageOfPage":{"@id":"http:\/\/diamond-shield-zapper.com\/es\/que-es-la-vibracion\/#primaryimage"},"image":{"@id":"http:\/\/diamond-shield-zapper.com\/es\/que-es-la-vibracion\/#primaryimage"},"thumbnailUrl":"http:\/\/diamond-shield-zapper.com\/wp-content\/uploads\/2015\/01\/wobble-300x217.png","datePublished":"2015-10-18T17:01:06+00:00","description":"Adem\u00e1s de frecuencias individuales, el dispositivo Diamond Shield le permite controlar todo el espectro de frecuencias.","breadcrumb":{"@id":"http:\/\/diamond-shield-zapper.com\/es\/que-es-la-vibracion\/#breadcrumb"},"inLanguage":"es","potentialAction":[{"@type":"ReadAction","target":["http:\/\/diamond-shield-zapper.com\/es\/que-es-la-vibracion\/"]}]},{"@type":"ImageObject","inLanguage":"es","@id":"http:\/\/diamond-shield-zapper.com\/es\/que-es-la-vibracion\/#primaryimage","url":"http:\/\/diamond-shield-zapper.com\/wp-content\/uploads\/2015\/01\/wobble-300x217.png","contentUrl":"http:\/\/diamond-shield-zapper.com\/wp-content\/uploads\/2015\/01\/wobble-300x217.png"},{"@type":"BreadcrumbList","@id":"http:\/\/diamond-shield-zapper.com\/es\/que-es-la-vibracion\/#breadcrumb","itemListElement":[{"@type":"ListItem","position":1,"name":"Home","item":"http:\/\/diamond-shield-zapper.com\/es\/"},{"@type":"ListItem","position":2,"name":"\u00bfQu\u00e9 es la vibraci\u00f3n?"}]},{"@type":"WebSite","@id":"http:\/\/diamond-shield-zapper.com\/#website","url":"http:\/\/diamond-shield-zapper.com\/","name":"Diamond Shield Zapper","description":"einfach nur Zappen war gestern","potentialAction":[{"@type":"SearchAction","target":{"@type":"EntryPoint","urlTemplate":"http:\/\/diamond-shield-zapper.com\/?s={search_term_string}"},"query-input":{"@type":"PropertyValueSpecification","valueRequired":true,"valueName":"search_term_string"}}],"inLanguage":"es"}]}},"_links":{"self":[{"href":"http:\/\/diamond-shield-zapper.com\/es\/wp-json\/wp\/v2\/pages\/1996","targetHints":{"allow":["GET"]}}],"collection":[{"href":"http:\/\/diamond-shield-zapper.com\/es\/wp-json\/wp\/v2\/pages"}],"about":[{"href":"http:\/\/diamond-shield-zapper.com\/es\/wp-json\/wp\/v2\/types\/page"}],"author":[{"embeddable":true,"href":"http:\/\/diamond-shield-zapper.com\/es\/wp-json\/wp\/v2\/users\/1"}],"replies":[{"embeddable":true,"href":"http:\/\/diamond-shield-zapper.com\/es\/wp-json\/wp\/v2\/comments?post=1996"}],"version-history":[{"count":0,"href":"http:\/\/diamond-shield-zapper.com\/es\/wp-json\/wp\/v2\/pages\/1996\/revisions"}],"wp:attachment":[{"href":"http:\/\/diamond-shield-zapper.com\/es\/wp-json\/wp\/v2\/media?parent=1996"}],"curies":[{"name":"wp","href":"https:\/\/api.w.org\/{rel}","templated":true}]}}