{"id":3277,"date":"2017-07-28T12:48:26","date_gmt":"2017-07-28T12:48:26","guid":{"rendered":"http:\/\/diamond-shield-zapper.com\/?page_id=3277\/"},"modified":"2017-07-28T12:48:26","modified_gmt":"2017-07-28T12:48:26","slug":"diamond-shield-ie-crystal-zapper-ems","status":"publish","type":"page","link":"http:\/\/diamond-shield-zapper.com\/es\/diamond-shield-ie-crystal-zapper-ems\/","title":{"rendered":"Diamond Shield IE Crystal Zapper EMS"},"content":{"rendered":"<div class=\"fusion-fullwidth fullwidth-box fusion-fullwidth-1  fusion-parallax-none\" style=\"border-bottom-width: 0px;border-top-width: 0px;border-bottom-style: solid;border-top-style: solid;padding-bottom:20px;padding-left:0px;padding-right:0px;padding-top:20px;background-position:left top;background-repeat:no-repeat;-webkit-background-size:cover;-moz-background-size:cover;-o-background-size:cover;background-size:cover;\"><style type=\"text\/css\" scoped=\"scoped\">.fusion-fullwidth-1 {\n\t\t\t\t\t\t\tpadding-left: 0px !important;\n\t\t\t\t\t\t\tpadding-right: 0px !important;\n\t\t\t\t\t\t}<\/style><div class=\"fusion-row\"><div class=\"fusion-title title fusion-title-size-one\"><h1 class=\"title-heading-left\">Diamond Shield Crystal Zapper IE EMS<\/h1><div class=\"title-sep-container\"><div class=\"title-sep sep-\"><\/div><\/div><\/div><div class=\"fusion-two-third fusion-layout-column fusion-spacing-yes\" style=\"margin-top:;margin-bottom:;\"><div class=\"fusion-column-wrapper\"><p>In der Frequenztherapie nach Dr. Hulda Regehr Clark werden Krankheitserreger (Viren, Bakterien, Parasiten, Pilze) nach dem Resonanzprinzip durch elektrischen Rechteck-Strom mit positivem Offset in ihrem spezifischen Frequenzbereich geschw\u00e4cht oder abget\u00f6tet, um dann durch den K\u00f6rper ausgeschieden zu werden. Die zahlreichen Frequenzen nach Royal Raymond Rife wurden nach dem Kriterium zusammengetragen, dass sie bei einem bestimmten Krankheitsbild oder Symptom hilfreich sind. Nur ein Teil dieser Frequenzen sind bestimmten Erregern zugeordnet. Die meisten wirken unterst\u00fctzend auf Organe oder z.B. auf Immunfunktionen (Sie k\u00f6nnen mit einer schw\u00e4cheren Intensit\u00e4t eingestellt werden und brauchen z.B. auch kein positives Offset).<\/p>\n<\/div><\/div><div class=\"fusion-one-third one_third fusion-layout-column fusion-column-last fusion-spacing-yes\" style=\"margin-top:;margin-bottom:;\"><div class=\"fusion-column-wrapper\"><span class=\"fusion-imageframe imageframe-none imageframe-1\"> <img decoding=\"async\" alt=\"Diamond Shield Crystal Zapper\" src=\"http:\/\/diamond-shield-zapper.com\/wp-content\/uploads\/2015\/06\/DS_Crystal_o_Zubeh\u00f6r_Trans-300x.png\" class=\"img-responsive\"\/><\/span><\/div><\/div><div class=\"fusion-clearfix\"><\/div><\/div><\/div>\n","protected":false},"excerpt":{"rendered":"","protected":false},"author":2,"featured_media":0,"parent":0,"menu_order":0,"comment_status":"closed","ping_status":"closed","template":"","meta":{"_mi_skip_tracking":false,"footnotes":""},"class_list":["post-3277","page","type-page","status-publish","hentry","no-post-thumbnail"],"yoast_head":"<!-- This site is optimized with the Yoast SEO plugin v24.9 - https:\/\/yoast.com\/wordpress\/plugins\/seo\/ -->\n<title>Diamond Shield IE Crystal Zapper EMS - Diamond Shield Zapper<\/title>\n<meta name=\"robots\" content=\"noindex, follow, max-snippet:-1, max-image-preview:large, max-video-preview:-1\" \/>\n<meta property=\"og:locale\" content=\"es_ES\" \/>\n<meta property=\"og:type\" content=\"article\" \/>\n<meta property=\"og:title\" content=\"Diamond Shield IE Crystal Zapper EMS - Diamond Shield Zapper\" \/>\n<meta property=\"og:url\" content=\"http:\/\/diamond-shield-zapper.com\/es\/diamond-shield-ie-crystal-zapper-ems\/\" \/>\n<meta property=\"og:site_name\" content=\"Diamond Shield Zapper\" \/>\n<meta property=\"article:publisher\" content=\"https:\/\/www.facebook.com\/heilpraktiker.baklayan\/\" \/>\n<meta property=\"og:image\" content=\"http:\/\/diamond-shield-zapper.com\/wp-content\/uploads\/2015\/10\/slider-crystal-2-1000x.jpg\" \/>\n<meta name=\"twitter:label1\" content=\"Tiempo de lectura\" \/>\n\t<meta name=\"twitter:data1\" content=\"2 minutos\" \/>\n<script type=\"application\/ld+json\" class=\"yoast-schema-graph\">{\"@context\":\"https:\/\/schema.org\",\"@graph\":[{\"@type\":\"WebPage\",\"@id\":\"http:\/\/diamond-shield-zapper.com\/es\/diamond-shield-ie-crystal-zapper-ems\/\",\"url\":\"http:\/\/diamond-shield-zapper.com\/es\/diamond-shield-ie-crystal-zapper-ems\/\",\"name\":\"Diamond Shield IE Crystal Zapper EMS - Diamond Shield Zapper\",\"isPartOf\":{\"@id\":\"http:\/\/diamond-shield-zapper.com\/#website\"},\"datePublished\":\"2017-07-28T12:48:26+00:00\",\"breadcrumb\":{\"@id\":\"http:\/\/diamond-shield-zapper.com\/es\/diamond-shield-ie-crystal-zapper-ems\/#breadcrumb\"},\"inLanguage\":\"es\",\"potentialAction\":[{\"@type\":\"ReadAction\",\"target\":[\"http:\/\/diamond-shield-zapper.com\/es\/diamond-shield-ie-crystal-zapper-ems\/\"]}]},{\"@type\":\"BreadcrumbList\",\"@id\":\"http:\/\/diamond-shield-zapper.com\/es\/diamond-shield-ie-crystal-zapper-ems\/#breadcrumb\",\"itemListElement\":[{\"@type\":\"ListItem\",\"position\":1,\"name\":\"Home\",\"item\":\"http:\/\/diamond-shield-zapper.com\/es\/\"},{\"@type\":\"ListItem\",\"position\":2,\"name\":\"Diamond Shield IE Crystal Zapper EMS\"}]},{\"@type\":\"WebSite\",\"@id\":\"http:\/\/diamond-shield-zapper.com\/#website\",\"url\":\"http:\/\/diamond-shield-zapper.com\/\",\"name\":\"Diamond Shield Zapper\",\"description\":\"einfach nur Zappen war gestern\",\"potentialAction\":[{\"@type\":\"SearchAction\",\"target\":{\"@type\":\"EntryPoint\",\"urlTemplate\":\"http:\/\/diamond-shield-zapper.com\/?s={search_term_string}\"},\"query-input\":{\"@type\":\"PropertyValueSpecification\",\"valueRequired\":true,\"valueName\":\"search_term_string\"}}],\"inLanguage\":\"es\"}]}<\/script>\n<!-- \/ Yoast SEO plugin. -->","yoast_head_json":{"title":"Diamond Shield IE Crystal Zapper EMS - Diamond Shield Zapper","robots":{"index":"noindex","follow":"follow","max-snippet":"max-snippet:-1","max-image-preview":"max-image-preview:large","max-video-preview":"max-video-preview:-1"},"og_locale":"es_ES","og_type":"article","og_title":"Diamond Shield IE Crystal Zapper EMS - Diamond Shield Zapper","og_url":"http:\/\/diamond-shield-zapper.com\/es\/diamond-shield-ie-crystal-zapper-ems\/","og_site_name":"Diamond Shield Zapper","article_publisher":"https:\/\/www.facebook.com\/heilpraktiker.baklayan\/","og_image":[{"url":"http:\/\/diamond-shield-zapper.com\/wp-content\/uploads\/2015\/10\/slider-crystal-2-1000x.jpg","type":"","width":"","height":""}],"twitter_misc":{"Tiempo de lectura":"2 minutos"},"schema":{"@context":"https:\/\/schema.org","@graph":[{"@type":"WebPage","@id":"http:\/\/diamond-shield-zapper.com\/es\/diamond-shield-ie-crystal-zapper-ems\/","url":"http:\/\/diamond-shield-zapper.com\/es\/diamond-shield-ie-crystal-zapper-ems\/","name":"Diamond Shield IE Crystal Zapper EMS - Diamond Shield Zapper","isPartOf":{"@id":"http:\/\/diamond-shield-zapper.com\/#website"},"datePublished":"2017-07-28T12:48:26+00:00","breadcrumb":{"@id":"http:\/\/diamond-shield-zapper.com\/es\/diamond-shield-ie-crystal-zapper-ems\/#breadcrumb"},"inLanguage":"es","potentialAction":[{"@type":"ReadAction","target":["http:\/\/diamond-shield-zapper.com\/es\/diamond-shield-ie-crystal-zapper-ems\/"]}]},{"@type":"BreadcrumbList","@id":"http:\/\/diamond-shield-zapper.com\/es\/diamond-shield-ie-crystal-zapper-ems\/#breadcrumb","itemListElement":[{"@type":"ListItem","position":1,"name":"Home","item":"http:\/\/diamond-shield-zapper.com\/es\/"},{"@type":"ListItem","position":2,"name":"Diamond Shield IE Crystal Zapper EMS"}]},{"@type":"WebSite","@id":"http:\/\/diamond-shield-zapper.com\/#website","url":"http:\/\/diamond-shield-zapper.com\/","name":"Diamond Shield Zapper","description":"einfach nur Zappen war gestern","potentialAction":[{"@type":"SearchAction","target":{"@type":"EntryPoint","urlTemplate":"http:\/\/diamond-shield-zapper.com\/?s={search_term_string}"},"query-input":{"@type":"PropertyValueSpecification","valueRequired":true,"valueName":"search_term_string"}}],"inLanguage":"es"}]}},"_links":{"self":[{"href":"http:\/\/diamond-shield-zapper.com\/es\/wp-json\/wp\/v2\/pages\/3277","targetHints":{"allow":["GET"]}}],"collection":[{"href":"http:\/\/diamond-shield-zapper.com\/es\/wp-json\/wp\/v2\/pages"}],"about":[{"href":"http:\/\/diamond-shield-zapper.com\/es\/wp-json\/wp\/v2\/types\/page"}],"author":[{"embeddable":true,"href":"http:\/\/diamond-shield-zapper.com\/es\/wp-json\/wp\/v2\/users\/2"}],"replies":[{"embeddable":true,"href":"http:\/\/diamond-shield-zapper.com\/es\/wp-json\/wp\/v2\/comments?post=3277"}],"version-history":[{"count":0,"href":"http:\/\/diamond-shield-zapper.com\/es\/wp-json\/wp\/v2\/pages\/3277\/revisions"}],"wp:attachment":[{"href":"http:\/\/diamond-shield-zapper.com\/es\/wp-json\/wp\/v2\/media?parent=3277"}],"curies":[{"name":"wp","href":"https:\/\/api.w.org\/{rel}","templated":true}]}}